{"id":5980,"date":"2023-09-08T11:29:34","date_gmt":"2023-09-08T09:29:34","guid":{"rendered":"https:\/\/www.aurora-h2020.eu\/?page_id=5980"},"modified":"2023-09-21T14:07:01","modified_gmt":"2023-09-21T12:07:01","slug":"app-tos","status":"publish","type":"page","link":"https:\/\/www.aurora-h2020.eu\/pt\/aurora\/app-tos\/","title":{"rendered":"AURORA Energy Tracker - Termos de Servi\u00e7o"},"content":{"rendered":"<div data-elementor-type=\"wp-page\" data-elementor-id=\"5980\" class=\"elementor elementor-5980\" data-elementor-post-type=\"page\">\n\t\t\t\t\t\t<section class=\"elementor-section elementor-top-section elementor-element elementor-element-46459c9 elementor-section-boxed elementor-section-height-default elementor-section-height-default\" data-id=\"46459c9\" data-element_type=\"section\">\n\t\t\t\t\t\t<div class=\"elementor-container elementor-column-gap-default\">\n\t\t\t\t\t<div class=\"elementor-column elementor-col-100 elementor-top-column elementor-element elementor-element-e299f0e\" data-id=\"e299f0e\" data-element_type=\"column\">\n\t\t\t<div class=\"elementor-widget-wrap elementor-element-populated\">\n\t\t\t\t\t\t<div class=\"elementor-element elementor-element-5bc994e elementor-widget__width-auto elementor-widget elementor-widget-shortcode\" data-id=\"5bc994e\" data-element_type=\"widget\" data-widget_type=\"shortcode.default\">\n\t\t\t\t<div class=\"elementor-widget-container\">\n\t\t\t\t\t<div class=\"elementor-shortcode\"><div class=\"trp_language_switcher_shortcode\">\n<div class=\"trp-language-switcher trp-language-switcher-container\" data-no-translation>\n    <div class=\"trp-ls-shortcode-current-language\">\n        <a href=\"#\" class=\"trp-ls-shortcode-disabled-language trp-ls-disabled-language\" title=\"Portugu\u00eas\" onclick=\"event.preventDefault()\">\n\t\t\t<img decoding=\"async\" class=\"trp-flag-image\" src=\"https:\/\/www.aurora-h2020.eu\/wp-content\/plugins\/translatepress-multilingual\/assets\/images\/flags\/pt_PT.png\" width=\"18\" height=\"12\" alt=\"pt_PT\" title=\"Portugu\u00eas\"> Portugu\u00eas\t\t<\/a>\n    <\/div>\n    <div class=\"trp-ls-shortcode-language\">\n                <a href=\"#\" class=\"trp-ls-shortcode-disabled-language trp-ls-disabled-language\"  title=\"Portugu\u00eas\" onclick=\"event.preventDefault()\">\n\t\t\t<img decoding=\"async\" class=\"trp-flag-image\" src=\"https:\/\/www.aurora-h2020.eu\/wp-content\/plugins\/translatepress-multilingual\/assets\/images\/flags\/pt_PT.png\" width=\"18\" height=\"12\" alt=\"pt_PT\" title=\"Portugu\u00eas\"> Portugu\u00eas\t\t<\/a>\n                    <a href=\"https:\/\/www.aurora-h2020.eu\/wp-json\/wp\/v2\/pages\/5980\/\" title=\"English (UK)\">\n            <img decoding=\"async\" class=\"trp-flag-image\" src=\"https:\/\/www.aurora-h2020.eu\/wp-content\/plugins\/translatepress-multilingual\/assets\/images\/flags\/en_GB.png\" width=\"18\" height=\"12\" alt=\"en_GB\" title=\"English (UK)\"> English (UK)        <\/a>\n\n            <a href=\"https:\/\/www.aurora-h2020.eu\/es\/wp-json\/wp\/v2\/pages\/5980\/\" title=\"Espa\u00f1ol\">\n            <img decoding=\"async\" class=\"trp-flag-image\" src=\"https:\/\/www.aurora-h2020.eu\/wp-content\/plugins\/translatepress-multilingual\/assets\/images\/flags\/es_ES.png\" width=\"18\" height=\"12\" alt=\"es_ES\" title=\"Espa\u00f1ol\"> Espa\u00f1ol        <\/a>\n\n            <a href=\"https:\/\/www.aurora-h2020.eu\/da\/wp-json\/wp\/v2\/pages\/5980\/\" title=\"Dansk\">\n            <img loading=\"lazy\" decoding=\"async\" class=\"trp-flag-image\" src=\"https:\/\/www.aurora-h2020.eu\/wp-content\/plugins\/translatepress-multilingual\/assets\/images\/flags\/da_DK.png\" width=\"18\" height=\"12\" alt=\"da_DK\" title=\"Dansk\"> Dansk        <\/a>\n\n            <a href=\"https:\/\/www.aurora-h2020.eu\/sl\/wp-json\/wp\/v2\/pages\/5980\/\" title=\"Sloven\u0161\u010dina\">\n            <img loading=\"lazy\" decoding=\"async\" class=\"trp-flag-image\" src=\"https:\/\/www.aurora-h2020.eu\/wp-content\/plugins\/translatepress-multilingual\/assets\/images\/flags\/sl_SI.png\" width=\"18\" height=\"12\" alt=\"sl_SI\" title=\"Sloven\u0161\u010dina\"> Sloven\u0161\u010dina        <\/a>\n\n            <a href=\"https:\/\/www.aurora-h2020.eu\/de\/wp-json\/wp\/v2\/pages\/5980\/\" title=\"Deutsch\">\n            <img loading=\"lazy\" decoding=\"async\" class=\"trp-flag-image\" src=\"https:\/\/www.aurora-h2020.eu\/wp-content\/plugins\/translatepress-multilingual\/assets\/images\/flags\/de_DE.png\" width=\"18\" height=\"12\" alt=\"de_DE\" title=\"Deutsch\"> Deutsch        <\/a>\n\n        <\/div>\n    <script type=\"application\/javascript\">\n        \/\/ need to have the same with set from JS on both divs. Otherwise it can push stuff around in HTML\n        var trp_ls_shortcodes = document.querySelectorAll('.trp_language_switcher_shortcode .trp-language-switcher');\n        if ( trp_ls_shortcodes.length > 0) {\n            \/\/ get the last language switcher added\n            var trp_el = trp_ls_shortcodes[trp_ls_shortcodes.length - 1];\n\n            var trp_shortcode_language_item = trp_el.querySelector( '.trp-ls-shortcode-language' )\n            \/\/ set width\n            var trp_ls_shortcode_width                                               = trp_shortcode_language_item.offsetWidth + 16;\n            trp_shortcode_language_item.style.width                                  = trp_ls_shortcode_width + 'px';\n            trp_el.querySelector( '.trp-ls-shortcode-current-language' ).style.width = trp_ls_shortcode_width + 'px';\n\n            \/\/ We're putting this on display: none after we have its width.\n            trp_shortcode_language_item.style.display = 'none';\n        }\n    <\/script>\n<\/div>\n<\/div><\/div>\n\t\t\t\t<\/div>\n\t\t\t\t<\/div>\n\t\t\t\t\t<\/div>\n\t\t<\/div>\n\t\t\t\t\t<\/div>\n\t\t<\/section>\n\t\t\t\t<section class=\"elementor-section elementor-top-section elementor-element elementor-element-5e69490c elementor-section-boxed elementor-section-height-default elementor-section-height-default\" data-id=\"5e69490c\" data-element_type=\"section\">\n\t\t\t\t\t\t<div class=\"elementor-container elementor-column-gap-default\">\n\t\t\t\t\t<div class=\"elementor-column elementor-col-100 elementor-top-column elementor-element elementor-element-2a36675e\" data-id=\"2a36675e\" data-element_type=\"column\">\n\t\t\t<div class=\"elementor-widget-wrap elementor-element-populated\">\n\t\t\t\t\t\t<div class=\"elementor-element elementor-element-42ac4470 elementor-widget elementor-widget-text-editor\" data-id=\"42ac4470\" data-element_type=\"widget\" data-widget_type=\"text-editor.default\">\n\t\t\t\t<div class=\"elementor-widget-container\">\n\t\t\t<style>\/*! elementor - v3.22.0 - 17-06-2024 *\/\n.elementor-widget-text-editor.elementor-drop-cap-view-stacked .elementor-drop-cap{background-color:#69727d;color:#fff}.elementor-widget-text-editor.elementor-drop-cap-view-framed .elementor-drop-cap{color:#69727d;border:3px solid;background-color:transparent}.elementor-widget-text-editor:not(.elementor-drop-cap-view-default) .elementor-drop-cap{margin-top:8px}.elementor-widget-text-editor:not(.elementor-drop-cap-view-default) .elementor-drop-cap-letter{width:1em;height:1em}.elementor-widget-text-editor .elementor-drop-cap{float:left;text-align:center;line-height:1;font-size:50px}.elementor-widget-text-editor .elementor-drop-cap-letter{display:inline-block}<\/style>\t\t\t\t<!-- wp:paragraph -->\n<p>AURORA Energy Tracker (doravante, \u201ca aplica\u00e7\u00e3o m\u00f3vel\u201d, para qualquer um dos nomes que teve no passado ou pode vir a ter no futuro) \u00e9 uma aplica\u00e7\u00e3o m\u00f3vel e um projeto de ci\u00eancia cidad\u00e3 desenvolvido como parte do projeto AURORA, financiado pela UE atrav\u00e9s do programa Horizonte 2020 (contrato n\u00famero 101036418). Este projeto \u00e9 coordenado pela Universidade T\u00e9cnica de Madrid (UPM) e o Instituto de Comunica\u00e7\u00e3o de Ci\u00eancia e Inova\u00e7\u00e3o (INSCICO) \u00e9 respons\u00e1vel pelo desenvolvimento t\u00e9cnico da aplica\u00e7\u00e3o m\u00f3vel de ci\u00eancia cidad\u00e3 em colabora\u00e7\u00e3o com a UPM.<\/p>\n<!-- \/wp:paragraph -->\n\n<!-- wp:paragraph -->\n<p>A aplica\u00e7\u00e3o m\u00f3vel depende de membros do p\u00fablico para reportarem dados sobre comportamentos energ\u00e9ticos pessoais. Poder\u00e1 participar por, entre outras coisas, partilhar os seus dados de consumo e produ\u00e7\u00e3o de energia por meio da aplica\u00e7\u00e3o para dispositivos m\u00f3veis ou outros dispositivos eletr\u00f3nicos. Para isso, tem de ser adulto (idade m\u00ednima de 15 anos) ou supervisionado por um adulto e tem de concordar com a pol\u00edtica de privacidade da aplica\u00e7\u00e3o m\u00f3vel, bem como com os seguintes termos:<\/p>\n<!-- \/wp:paragraph -->\n\n<!-- wp:list {\"ordered\":true,\"type\":\"1\",\"start\":1} -->\n<ol type=\"1\" start=\"1\"><!-- wp:list-item -->\n<li>Ao partilhar seus dados com a aplica\u00e7\u00e3o m\u00f3vel, concorda com os presentes termos de utiliza\u00e7\u00e3o, concorda que os dados podem ser divulgados ao p\u00fablico em formato anonimizado sem incluir o seu nome ou com um pseud\u00f3nimo, e concede aos membros do projeto AURORA uma licen\u00e7a gratuita, n\u00e3o exclusiva e que pode ser sublicenciada durante a vig\u00eancia das atuais leis de direitos de autor aplic\u00e1veis para explorar o trabalho sem restri\u00e7\u00f5es e transferi-lo para terceiros em todo o mundo. Em qualquer caso, estes termos n\u00e3o implicam qualquer restri\u00e7\u00e3o ao uso do seu trabalho, como autor original, e poder\u00e1 explorar o seu trabalho por outros meios de modo consistente com a transfer\u00eancia concedida por este documento.<\/li>\n<!-- \/wp:list-item -->\n\n<!-- wp:list-item -->\n<li>Geralmente, qualquer cria\u00e7\u00e3o original protegida por direitos de autor ser\u00e1 divulgada pela aplica\u00e7\u00e3o m\u00f3vel AURORA ou pelo projeto AURORA com uma licen\u00e7a CC-BY, indicando autor an\u00f3nimo e o nome do Projeto (exemplo: An\u00f3nimo, CC-BY AURORA), mesmo que as cria\u00e7\u00f5es contenham o nome do autor na cria\u00e7\u00e3o ou nos metadados. Parte das bases de dados ou tabelas resultantes das contribui\u00e7\u00f5es dos utilizadores ser\u00e3o divulgadas, regra geral, sob uma licen\u00e7a CC0.<\/li>\n<!-- \/wp:list-item -->\n\n<!-- wp:list-item -->\n<li>Voc\u00ea garante que quaisquer dados ou trabalhos que partilhe s\u00e3o informa\u00e7\u00f5es que tem o direito de disponibilizar na aplica\u00e7\u00e3o m\u00f3vel e que isso n\u00e3o \u00e9 difamat\u00f3rio e n\u00e3o infringe nenhuma lei. Voc\u00ea entende que os dados ou trabalhos podem ser transferidos a terceiros e que a aplica\u00e7\u00e3o m\u00f3vel n\u00e3o pode garantir a capacidade de remover quaisquer dados pessoais que voc\u00ea enviar por engano.<\/li>\n<!-- \/wp:list-item -->\n\n<!-- wp:list-item -->\n<li>Voc\u00ea indeniza os indiv\u00edduos, institui\u00e7\u00f5es e os membros da aplica\u00e7\u00e3o m\u00f3vel e seus parceiros contra todas as taxas legais, danos e outras despesas que possam ser incorridas por eles como resultado da sua viola\u00e7\u00e3o da garantia acima.<\/li>\n<!-- \/wp:list-item --><\/ol>\n<!-- \/wp:list -->\t\t\t\t\t\t<\/div>\n\t\t\t\t<\/div>\n\t\t\t\t<div class=\"elementor-element elementor-element-299a5d9 elementor-widget-divider--view-line elementor-widget elementor-widget-divider\" data-id=\"299a5d9\" data-element_type=\"widget\" data-widget_type=\"divider.default\">\n\t\t\t\t<div class=\"elementor-widget-container\">\n\t\t\t<style>\/*! elementor - v3.22.0 - 17-06-2024 *\/\n.elementor-widget-divider{--divider-border-style:none;--divider-border-width:1px;--divider-color:#0c0d0e;--divider-icon-size:20px;--divider-element-spacing:10px;--divider-pattern-height:24px;--divider-pattern-size:20px;--divider-pattern-url:none;--divider-pattern-repeat:repeat-x}.elementor-widget-divider .elementor-divider{display:flex}.elementor-widget-divider .elementor-divider__text{font-size:15px;line-height:1;max-width:95%}.elementor-widget-divider .elementor-divider__element{margin:0 var(--divider-element-spacing);flex-shrink:0}.elementor-widget-divider .elementor-icon{font-size:var(--divider-icon-size)}.elementor-widget-divider .elementor-divider-separator{display:flex;margin:0;direction:ltr}.elementor-widget-divider--view-line_icon .elementor-divider-separator,.elementor-widget-divider--view-line_text .elementor-divider-separator{align-items:center}.elementor-widget-divider--view-line_icon .elementor-divider-separator:after,.elementor-widget-divider--view-line_icon .elementor-divider-separator:before,.elementor-widget-divider--view-line_text .elementor-divider-separator:after,.elementor-widget-divider--view-line_text .elementor-divider-separator:before{display:block;content:\"\";border-block-end:0;flex-grow:1;border-block-start:var(--divider-border-width) var(--divider-border-style) var(--divider-color)}.elementor-widget-divider--element-align-left .elementor-divider .elementor-divider-separator>.elementor-divider__svg:first-of-type{flex-grow:0;flex-shrink:100}.elementor-widget-divider--element-align-left .elementor-divider-separator:before{content:none}.elementor-widget-divider--element-align-left .elementor-divider__element{margin-left:0}.elementor-widget-divider--element-align-right .elementor-divider .elementor-divider-separator>.elementor-divider__svg:last-of-type{flex-grow:0;flex-shrink:100}.elementor-widget-divider--element-align-right .elementor-divider-separator:after{content:none}.elementor-widget-divider--element-align-right .elementor-divider__element{margin-right:0}.elementor-widget-divider--element-align-start .elementor-divider .elementor-divider-separator>.elementor-divider__svg:first-of-type{flex-grow:0;flex-shrink:100}.elementor-widget-divider--element-align-start .elementor-divider-separator:before{content:none}.elementor-widget-divider--element-align-start .elementor-divider__element{margin-inline-start:0}.elementor-widget-divider--element-align-end .elementor-divider .elementor-divider-separator>.elementor-divider__svg:last-of-type{flex-grow:0;flex-shrink:100}.elementor-widget-divider--element-align-end .elementor-divider-separator:after{content:none}.elementor-widget-divider--element-align-end .elementor-divider__element{margin-inline-end:0}.elementor-widget-divider:not(.elementor-widget-divider--view-line_text):not(.elementor-widget-divider--view-line_icon) .elementor-divider-separator{border-block-start:var(--divider-border-width) var(--divider-border-style) var(--divider-color)}.elementor-widget-divider--separator-type-pattern{--divider-border-style:none}.elementor-widget-divider--separator-type-pattern.elementor-widget-divider--view-line .elementor-divider-separator,.elementor-widget-divider--separator-type-pattern:not(.elementor-widget-divider--view-line) .elementor-divider-separator:after,.elementor-widget-divider--separator-type-pattern:not(.elementor-widget-divider--view-line) .elementor-divider-separator:before,.elementor-widget-divider--separator-type-pattern:not([class*=elementor-widget-divider--view]) .elementor-divider-separator{width:100%;min-height:var(--divider-pattern-height);-webkit-mask-size:var(--divider-pattern-size) 100%;mask-size:var(--divider-pattern-size) 100%;-webkit-mask-repeat:var(--divider-pattern-repeat);mask-repeat:var(--divider-pattern-repeat);background-color:var(--divider-color);-webkit-mask-image:var(--divider-pattern-url);mask-image:var(--divider-pattern-url)}.elementor-widget-divider--no-spacing{--divider-pattern-size:auto}.elementor-widget-divider--bg-round{--divider-pattern-repeat:round}.rtl .elementor-widget-divider .elementor-divider__text{direction:rtl}.e-con-inner>.elementor-widget-divider,.e-con>.elementor-widget-divider{width:var(--container-widget-width,100%);--flex-grow:var(--container-widget-flex-grow)}<\/style>\t\t<div class=\"elementor-divider\">\n\t\t\t<span class=\"elementor-divider-separator\">\n\t\t\t\t\t\t<\/span>\n\t\t<\/div>\n\t\t\t\t<\/div>\n\t\t\t\t<\/div>\n\t\t\t\t<div class=\"elementor-element elementor-element-94ef914 elementor-widget elementor-widget-text-editor\" data-id=\"94ef914\" data-element_type=\"widget\" data-widget_type=\"text-editor.default\">\n\t\t\t\t<div class=\"elementor-widget-container\">\n\t\t\t\t\t\t\t<p style=\"text-align: center;\"><em>v1.0<\/em><\/p>\t\t\t\t\t\t<\/div>\n\t\t\t\t<\/div>\n\t\t\t\t\t<\/div>\n\t\t<\/div>\n\t\t\t\t\t<\/div>\n\t\t<\/section>\n\t\t\t\t<section class=\"elementor-section elementor-top-section elementor-element elementor-element-c328695 elementor-section-boxed elementor-section-height-default elementor-section-height-default\" data-id=\"c328695\" data-element_type=\"section\">\n\t\t\t\t\t\t<div class=\"elementor-container elementor-column-gap-default\">\n\t\t\t\t\t<div class=\"elementor-column elementor-col-50 elementor-top-column elementor-element elementor-element-8e52fe8\" data-id=\"8e52fe8\" data-element_type=\"column\">\n\t\t\t<div class=\"elementor-widget-wrap elementor-element-populated\">\n\t\t\t\t\t\t<div class=\"elementor-element elementor-element-f0ea85d elementor-widget__width-auto elementor-widget elementor-widget-button\" data-id=\"f0ea85d\" data-element_type=\"widget\" data-widget_type=\"button.default\">\n\t\t\t\t<div class=\"elementor-widget-container\">\n\t\t\t\t\t<div class=\"elementor-button-wrapper\">\n\t\t\t<a class=\"elementor-button elementor-button-link elementor-size-sm\" href=\"https:\/\/www.aurora-h2020.eu\/pt\/aurora\/app-privacy-policy\/\">\n\t\t\t\t\t\t<span class=\"elementor-button-content-wrapper\">\n\t\t\t\t\t\t\t\t\t<span class=\"elementor-button-text\">Pol\u00edtica de Privacidade<\/span>\n\t\t\t\t\t<\/span>\n\t\t\t\t\t<\/a>\n\t\t<\/div>\n\t\t\t\t<\/div>\n\t\t\t\t<\/div>\n\t\t\t\t\t<\/div>\n\t\t<\/div>\n\t\t\t\t<div class=\"elementor-column elementor-col-50 elementor-top-column elementor-element elementor-element-db3a393\" data-id=\"db3a393\" data-element_type=\"column\">\n\t\t\t<div class=\"elementor-widget-wrap elementor-element-populated\">\n\t\t\t\t\t\t<div class=\"elementor-element elementor-element-15326ea elementor-widget__width-auto elementor-widget elementor-widget-button\" data-id=\"15326ea\" data-element_type=\"widget\" data-widget_type=\"button.default\">\n\t\t\t\t<div class=\"elementor-widget-container\">\n\t\t\t\t\t<div class=\"elementor-button-wrapper\">\n\t\t\t<a class=\"elementor-button elementor-button-link elementor-size-sm\" href=\"https:\/\/www.aurora-h2020.eu\/pt\/aurora\/app-imprint\/\">\n\t\t\t\t\t\t<span class=\"elementor-button-content-wrapper\">\n\t\t\t\t\t\t\t\t\t<span class=\"elementor-button-text\">Impress\u00e3o<\/span>\n\t\t\t\t\t<\/span>\n\t\t\t\t\t<\/a>\n\t\t<\/div>\n\t\t\t\t<\/div>\n\t\t\t\t<\/div>\n\t\t\t\t\t<\/div>\n\t\t<\/div>\n\t\t\t\t\t<\/div>\n\t\t<\/section>\n\t\t\t\t<\/div>","protected":false},"excerpt":{"rendered":"<p>AURORA Energy Tracker (hereinafter, \u201cthe App\u201d, in any of the names it has had in the past or may acquire in the future) is a mobile application and citizen science project developed as part of the EU-funded Horizon 2020 project AURORA (grant agreement number 101036418). This project is coordinated by the Technical University of Madrid [&hellip;]<\/p>","protected":false},"author":1,"featured_media":0,"parent":2152,"menu_order":0,"comment_status":"closed","ping_status":"closed","template":"","meta":{"_monsterinsights_skip_tracking":false,"_monsterinsights_sitenote_active":false,"_monsterinsights_sitenote_note":"","_monsterinsights_sitenote_category":0,"footnotes":""},"class_list":["post-5980","page","type-page","status-publish","hentry"],"acf":[],"yoast_head":"<!-- This site is optimized with the Yoast SEO plugin v27.5 - https:\/\/yoast.com\/product\/yoast-seo-wordpress\/ -->\n<title>AURORA Energy Tracker - Terms of Service - AURORA H2020<\/title>\n<meta name=\"robots\" content=\"index, follow, max-snippet:-1, max-image-preview:large, max-video-preview:-1\" \/>\n<link rel=\"canonical\" href=\"https:\/\/www.aurora-h2020.eu\/pt\/aurora\/app-tos\/\" \/>\n<meta property=\"og:locale\" content=\"pt_PT\" \/>\n<meta property=\"og:type\" content=\"article\" \/>\n<meta property=\"og:title\" content=\"AURORA Energy Tracker - Terms of Service - AURORA H2020\" \/>\n<meta property=\"og:description\" content=\"AURORA Energy Tracker (hereinafter, \u201cthe App\u201d, in any of the names it has had in the past or may acquire in the future) is a mobile application and citizen science project developed as part of the EU-funded Horizon 2020 project AURORA (grant agreement number 101036418). This project is coordinated by the Technical University of Madrid [&hellip;]\" \/>\n<meta property=\"og:url\" content=\"https:\/\/www.aurora-h2020.eu\/pt\/aurora\/app-tos\/\" \/>\n<meta property=\"og:site_name\" content=\"AURORA H2020\" \/>\n<meta property=\"article:modified_time\" content=\"2023-09-21T12:07:01+00:00\" \/>\n<meta name=\"twitter:card\" content=\"summary_large_image\" \/>\n<meta name=\"twitter:site\" content=\"@AURORA_H2020\" \/>\n<meta name=\"twitter:label1\" content=\"Tempo estimado de leitura\" \/>\n\t<meta name=\"twitter:data1\" content=\"4 minutos\" \/>\n<script type=\"application\/ld+json\" class=\"yoast-schema-graph\">{\"@context\":\"https:\\\/\\\/schema.org\",\"@graph\":[{\"@type\":\"WebPage\",\"@id\":\"https:\\\/\\\/www.aurora-h2020.eu\\\/aurora\\\/app-tos\\\/\",\"url\":\"https:\\\/\\\/www.aurora-h2020.eu\\\/aurora\\\/app-tos\\\/\",\"name\":\"AURORA Energy Tracker - Terms of Service - AURORA H2020\",\"isPartOf\":{\"@id\":\"https:\\\/\\\/www.aurora-h2020.eu\\\/#website\"},\"datePublished\":\"2023-09-08T09:29:34+00:00\",\"dateModified\":\"2023-09-21T12:07:01+00:00\",\"breadcrumb\":{\"@id\":\"https:\\\/\\\/www.aurora-h2020.eu\\\/aurora\\\/app-tos\\\/#breadcrumb\"},\"inLanguage\":\"pt-PT\",\"potentialAction\":[{\"@type\":\"ReadAction\",\"target\":[\"https:\\\/\\\/www.aurora-h2020.eu\\\/aurora\\\/app-tos\\\/\"]}]},{\"@type\":\"BreadcrumbList\",\"@id\":\"https:\\\/\\\/www.aurora-h2020.eu\\\/aurora\\\/app-tos\\\/#breadcrumb\",\"itemListElement\":[{\"@type\":\"ListItem\",\"position\":1,\"name\":\"AURORA Project\",\"item\":\"https:\\\/\\\/www.aurora-h2020.eu\\\/\"},{\"@type\":\"ListItem\",\"position\":2,\"name\":\"AURORA Energy Tracker &#8211; Terms of Service\"}]},{\"@type\":\"WebSite\",\"@id\":\"https:\\\/\\\/www.aurora-h2020.eu\\\/#website\",\"url\":\"https:\\\/\\\/www.aurora-h2020.eu\\\/\",\"name\":\"AURORA H2020\",\"description\":\"Empowering a new generation of near zero-emission citizens\",\"publisher\":{\"@id\":\"https:\\\/\\\/www.aurora-h2020.eu\\\/#organization\"},\"potentialAction\":[{\"@type\":\"SearchAction\",\"target\":{\"@type\":\"EntryPoint\",\"urlTemplate\":\"https:\\\/\\\/www.aurora-h2020.eu\\\/?s={search_term_string}\"},\"query-input\":{\"@type\":\"PropertyValueSpecification\",\"valueRequired\":true,\"valueName\":\"search_term_string\"}}],\"inLanguage\":\"pt-PT\"},{\"@type\":\"Organization\",\"@id\":\"https:\\\/\\\/www.aurora-h2020.eu\\\/#organization\",\"name\":\"AURORA\",\"url\":\"https:\\\/\\\/www.aurora-h2020.eu\\\/\",\"logo\":{\"@type\":\"ImageObject\",\"inLanguage\":\"pt-PT\",\"@id\":\"https:\\\/\\\/www.aurora-h2020.eu\\\/#\\\/schema\\\/logo\\\/image\\\/\",\"url\":\"https:\\\/\\\/www.aurora-h2020.eu\\\/wp-content\\\/uploads\\\/2022\\\/03\\\/2022-03-02-14.51.48.jpg\",\"contentUrl\":\"https:\\\/\\\/www.aurora-h2020.eu\\\/wp-content\\\/uploads\\\/2022\\\/03\\\/2022-03-02-14.51.48.jpg\",\"width\":1280,\"height\":367,\"caption\":\"AURORA\"},\"image\":{\"@id\":\"https:\\\/\\\/www.aurora-h2020.eu\\\/#\\\/schema\\\/logo\\\/image\\\/\"},\"sameAs\":[\"https:\\\/\\\/x.com\\\/AURORA_H2020\"]}]}<\/script>\n<!-- \/ Yoast SEO plugin. -->","yoast_head_json":{"title":"AURORA Energy Tracker - Terms of Service - AURORA H2020","robots":{"index":"index","follow":"follow","max-snippet":"max-snippet:-1","max-image-preview":"max-image-preview:large","max-video-preview":"max-video-preview:-1"},"canonical":"https:\/\/www.aurora-h2020.eu\/pt\/aurora\/app-tos\/","og_locale":"pt_PT","og_type":"article","og_title":"AURORA Energy Tracker - Terms of Service - AURORA H2020","og_description":"AURORA Energy Tracker (hereinafter, \u201cthe App\u201d, in any of the names it has had in the past or may acquire in the future) is a mobile application and citizen science project developed as part of the EU-funded Horizon 2020 project AURORA (grant agreement number 101036418). This project is coordinated by the Technical University of Madrid [&hellip;]","og_url":"https:\/\/www.aurora-h2020.eu\/pt\/aurora\/app-tos\/","og_site_name":"AURORA H2020","article_modified_time":"2023-09-21T12:07:01+00:00","twitter_card":"summary_large_image","twitter_site":"@AURORA_H2020","twitter_misc":{"Tempo estimado de leitura":"4 minutos"},"schema":{"@context":"https:\/\/schema.org","@graph":[{"@type":"WebPage","@id":"https:\/\/www.aurora-h2020.eu\/aurora\/app-tos\/","url":"https:\/\/www.aurora-h2020.eu\/aurora\/app-tos\/","name":"AURORA Energy Tracker - Terms of Service - AURORA H2020","isPartOf":{"@id":"https:\/\/www.aurora-h2020.eu\/#website"},"datePublished":"2023-09-08T09:29:34+00:00","dateModified":"2023-09-21T12:07:01+00:00","breadcrumb":{"@id":"https:\/\/www.aurora-h2020.eu\/aurora\/app-tos\/#breadcrumb"},"inLanguage":"pt-PT","potentialAction":[{"@type":"ReadAction","target":["https:\/\/www.aurora-h2020.eu\/aurora\/app-tos\/"]}]},{"@type":"BreadcrumbList","@id":"https:\/\/www.aurora-h2020.eu\/aurora\/app-tos\/#breadcrumb","itemListElement":[{"@type":"ListItem","position":1,"name":"AURORA Project","item":"https:\/\/www.aurora-h2020.eu\/"},{"@type":"ListItem","position":2,"name":"AURORA Energy Tracker &#8211; Terms of Service"}]},{"@type":"WebSite","@id":"https:\/\/www.aurora-h2020.eu\/#website","url":"https:\/\/www.aurora-h2020.eu\/","name":"AURORA H2020","description":"Empowering a new generation of near zero-emission citizens","publisher":{"@id":"https:\/\/www.aurora-h2020.eu\/#organization"},"potentialAction":[{"@type":"SearchAction","target":{"@type":"EntryPoint","urlTemplate":"https:\/\/www.aurora-h2020.eu\/?s={search_term_string}"},"query-input":{"@type":"PropertyValueSpecification","valueRequired":true,"valueName":"search_term_string"}}],"inLanguage":"pt-PT"},{"@type":"Organization","@id":"https:\/\/www.aurora-h2020.eu\/#organization","name":"AURORA","url":"https:\/\/www.aurora-h2020.eu\/","logo":{"@type":"ImageObject","inLanguage":"pt-PT","@id":"https:\/\/www.aurora-h2020.eu\/#\/schema\/logo\/image\/","url":"https:\/\/www.aurora-h2020.eu\/wp-content\/uploads\/2022\/03\/2022-03-02-14.51.48.jpg","contentUrl":"https:\/\/www.aurora-h2020.eu\/wp-content\/uploads\/2022\/03\/2022-03-02-14.51.48.jpg","width":1280,"height":367,"caption":"AURORA"},"image":{"@id":"https:\/\/www.aurora-h2020.eu\/#\/schema\/logo\/image\/"},"sameAs":["https:\/\/x.com\/AURORA_H2020"]}]}},"_links":{"self":[{"href":"https:\/\/www.aurora-h2020.eu\/pt\/wp-json\/wp\/v2\/pages\/5980","targetHints":{"allow":["GET"]}}],"collection":[{"href":"https:\/\/www.aurora-h2020.eu\/pt\/wp-json\/wp\/v2\/pages"}],"about":[{"href":"https:\/\/www.aurora-h2020.eu\/pt\/wp-json\/wp\/v2\/types\/page"}],"author":[{"embeddable":true,"href":"https:\/\/www.aurora-h2020.eu\/pt\/wp-json\/wp\/v2\/users\/1"}],"replies":[{"embeddable":true,"href":"https:\/\/www.aurora-h2020.eu\/pt\/wp-json\/wp\/v2\/comments?post=5980"}],"version-history":[{"count":0,"href":"https:\/\/www.aurora-h2020.eu\/pt\/wp-json\/wp\/v2\/pages\/5980\/revisions"}],"up":[{"embeddable":true,"href":"https:\/\/www.aurora-h2020.eu\/pt\/wp-json\/wp\/v2\/pages\/2152"}],"wp:attachment":[{"href":"https:\/\/www.aurora-h2020.eu\/pt\/wp-json\/wp\/v2\/media?parent=5980"}],"curies":[{"name":"wp","href":"https:\/\/api.w.org\/{rel}","templated":true}]}}