{"id":7821,"date":"2024-05-20T15:04:40","date_gmt":"2024-05-20T13:04:40","guid":{"rendered":"https:\/\/www.aurora-h2020.eu\/?page_id=7821"},"modified":"2024-12-08T13:54:33","modified_gmt":"2024-12-08T12:54:33","slug":"um-main","status":"publish","type":"page","link":"https:\/\/www.aurora-h2020.eu\/es\/um-main\/","title":{"rendered":"Home (Madrid)"},"content":{"rendered":"<div data-elementor-type=\"wp-page\" data-elementor-id=\"7821\" class=\"elementor elementor-7821\" data-elementor-post-type=\"page\">\n\t\t\t\t\t\t<section class=\"elementor-section elementor-top-section elementor-element elementor-element-635cae6d elementor-section-boxed elementor-section-height-default elementor-section-height-default\" data-id=\"635cae6d\" data-element_type=\"section\">\n\t\t\t\t\t\t<div class=\"elementor-container elementor-column-gap-default\">\n\t\t\t\t\t<div class=\"elementor-column elementor-col-100 elementor-top-column elementor-element elementor-element-456ec6b\" data-id=\"456ec6b\" data-element_type=\"column\" data-settings=\"{&quot;background_background&quot;:&quot;classic&quot;}\">\n\t\t\t<div class=\"elementor-widget-wrap elementor-element-populated\">\n\t\t\t\t\t\t<div class=\"elementor-element elementor-element-f8818c7 elementor-widget elementor-widget-text-editor\" data-id=\"f8818c7\" data-element_type=\"widget\" data-widget_type=\"text-editor.default\">\n\t\t\t\t<div class=\"elementor-widget-container\">\n\t\t\t<style>\/*! elementor - v3.22.0 - 17-06-2024 *\/\n.elementor-widget-text-editor.elementor-drop-cap-view-stacked .elementor-drop-cap{background-color:#69727d;color:#fff}.elementor-widget-text-editor.elementor-drop-cap-view-framed .elementor-drop-cap{color:#69727d;border:3px solid;background-color:transparent}.elementor-widget-text-editor:not(.elementor-drop-cap-view-default) .elementor-drop-cap{margin-top:8px}.elementor-widget-text-editor:not(.elementor-drop-cap-view-default) .elementor-drop-cap-letter{width:1em;height:1em}.elementor-widget-text-editor .elementor-drop-cap{float:left;text-align:center;line-height:1;font-size:50px}.elementor-widget-text-editor .elementor-drop-cap-letter{display:inline-block}<\/style>\t\t\t\t<p class=\" translation-block\">El proyecto AURORA naci\u00f3 con la idea de que la comunidad Campus Sur fuera responsable directa de un <b>cambio de paradigma<\/b> en el \u00e1mbito energ\u00e9tico. La idea inicial consist\u00eda en que los miembros de la UPM pudieran <b>cofinanciar<\/b> a base de <b>microinversiones<\/b> una serie de <b>instalaciones fotovoltaicas<\/b> dentro del Campus Sur con objeto de que las mismas fueran utilizadas con un doble prop\u00f3sito.<\/p><ul><li>Contribuir a la transici\u00f3n energ\u00e9tica de una forma local y por otra que todos pudi\u00e9ramos<\/li><li>Aprender de las tecnolog\u00edas renovables en primera persona, independientemente de nuestra capacidad financiera o nuestros recursos patrimoniales.<\/li><\/ul><p><!-- \/wp:paragraph --><\/p>\t\t\t\t\t\t<\/div>\n\t\t\t\t<\/div>\n\t\t\t\t<div class=\"elementor-element elementor-element-58815b4 elementor-widget elementor-widget-image\" data-id=\"58815b4\" data-element_type=\"widget\" data-widget_type=\"image.default\">\n\t\t\t\t<div class=\"elementor-widget-container\">\n\t\t\t<style>\/*! elementor - v3.22.0 - 17-06-2024 *\/\n.elementor-widget-image{text-align:center}.elementor-widget-image a{display:inline-block}.elementor-widget-image a img[src$=\".svg\"]{width:48px}.elementor-widget-image img{vertical-align:middle;display:inline-block}<\/style>\t\t\t\t\t\t\t\t\t\t<img fetchpriority=\"high\" decoding=\"async\" width=\"800\" height=\"534\" src=\"https:\/\/www.aurora-h2020.eu\/wp-content\/uploads\/2024\/05\/Home_image_1-1024x683.jpg\" class=\"attachment-large size-large wp-image-7898\" alt=\"\" srcset=\"https:\/\/www.aurora-h2020.eu\/wp-content\/uploads\/2024\/05\/Home_image_1-1024x683.jpg 1024w, https:\/\/www.aurora-h2020.eu\/wp-content\/uploads\/2024\/05\/Home_image_1-300x200.jpg 300w, https:\/\/www.aurora-h2020.eu\/wp-content\/uploads\/2024\/05\/Home_image_1-768x512.jpg 768w, https:\/\/www.aurora-h2020.eu\/wp-content\/uploads\/2024\/05\/Home_image_1-18x12.jpg 18w, https:\/\/www.aurora-h2020.eu\/wp-content\/uploads\/2024\/05\/Home_image_1.jpg 1366w\" sizes=\"(max-width: 800px) 100vw, 800px\" \/>\t\t\t\t\t\t\t\t\t\t\t\t\t<\/div>\n\t\t\t\t<\/div>\n\t\t\t\t<div class=\"elementor-element elementor-element-eadcb98 elementor-widget elementor-widget-text-editor\" data-id=\"eadcb98\" data-element_type=\"widget\" data-widget_type=\"text-editor.default\">\n\t\t\t\t<div class=\"elementor-widget-container\">\n\t\t\t\t\t\t\t<h2>Reimaginando el concepto original<\/h2>\n<p class=\" translation-block\">Si bien la UPM apoy\u00f3 el proyecto, la dificultad de entrar en terreno desconocido desde el punto de vista legal, hizo que tras muchos meses de arduo trabajo legislativo la idea fuera finalmente rechazada, al no poderse concretar por ambas partes un acuerdo de partenariado entre la comunidad y la universidad. No hemos sido los \u00fanicos en tener estas dificultades pues tres de las cuatro comunidades universitarias que se embarcaron en el proyecto tuvieron problemas, pero <a href=\"https:\/\/doi.org\/10.1002\/solr.202300498\" target=\"_blank\">esa es otra historia<\/a>.\n\nLa idea de que la <b>Comunidad Campus Sur<\/b> fuera <b>transformadora de su entorno<\/b> y se convirtiera en una <b>impulsora de la innovaci\u00f3n<\/b> sigui\u00f3 en pie, porque realmente creemos que son las personas las que hacen los verdaderos cambios.  Por ello los promotores del proyecto reconvirtieron la idea original para en vez de actuar sobre los edificios de la UPM poder <b>ejecutar la idea sobre edificios de nuestro distrito<\/b>, de nuestro barrio y <b>trabajar as\u00ed con otras comunidades<\/b> locales <b>ampliando de este modo el potencial impacto social<\/b> de nuestro proyecto. Nos lanzamos as\u00ed a hablar con comunidades educativas del barrio con las que pudi\u00e9ramos crear las instalaciones, y muy orgullosamente podemos decir que tenemos cerrado el primer acuerdo de instalaci\u00f3n con el colegio centro cultural palomeras, un cole de m\u00e1s de 40 a\u00f1os a menos de 1km de nuestro Campus.<\/p>\n<p class=\" translation-block\">El colegio albergar\u00e1 la instalaci\u00f3n cofinanciada tanto por familias del propio cole como por participantes de la comunidad campus sur con ese objetivo inicial de poder aprender todos colectivamente de una <b>instalaci\u00f3n real microfinanciada<\/b> con participaciones desde 20\u20ac a cambio de una peque\u00f1a rentabilidad, y con el apoyo y experiencia en <b>gesti\u00f3n de plantas fotovoltaicas comunitarias<\/b> que nos aporta la empresa Ecooo. No solo <b>aprenderemos juntos y tendremos nuestro retorno econ\u00f3mico<\/b>, sino que adem\u00e1s haremos barrio, uniremos educaci\u00f3n primaria y secundaria con la universidad, <b>reduciremos emisiones de carbono<\/b>.<\/p>\t\t\t\t\t\t<\/div>\n\t\t\t\t<\/div>\n\t\t\t\t<div class=\"elementor-element elementor-element-aafc232 elementor-align-right elementor-widget elementor-widget-button\" data-id=\"aafc232\" data-element_type=\"widget\" data-widget_type=\"button.default\">\n\t\t\t\t<div class=\"elementor-widget-container\">\n\t\t\t\t\t<div class=\"elementor-button-wrapper\">\n\t\t\t<a class=\"elementor-button elementor-button-link elementor-size-md\" href=\"https:\/\/www.aurora-h2020.eu\/es\/um-main\/citizen-science-hub\/participa-en-el-proyecto\/\">\n\t\t\t\t\t\t<span class=\"elementor-button-content-wrapper\">\n\t\t\t\t\t\t\t\t\t<span class=\"elementor-button-text\">\u00a1Participa!<\/span>\n\t\t\t\t\t<\/span>\n\t\t\t\t\t<\/a>\n\t\t<\/div>\n\t\t\t\t<\/div>\n\t\t\t\t<\/div>\n\t\t\t\t<div class=\"elementor-element elementor-element-4248bd1 elementor-widget elementor-widget-text-editor\" data-id=\"4248bd1\" data-element_type=\"widget\" data-widget_type=\"text-editor.default\">\n\t\t\t\t<div class=\"elementor-widget-container\">\n\t\t\t\t\t\t\t<h2>\u00bfQu\u00e9 ocurrir\u00e1 cuando termine el proyecto AURORA?<\/h2>\n<p class=\" translation-block\">Tras el arduo camino recorrido, tras largas jornadas, desvelos, conversaciones con estudiantes, personal de administraci\u00f3n y servicios, profesores y vecinos; talleres, coloquios y concursos organizados por el laboratorio ciudadano de la comunidad energ\u00e9tica (ligar con la pesta\u00f1a), nos dimos cuenta de que AURORA no pod\u00eda limitarse a un mero proyecto sino que deb\u00eda de ser una <b>se\u00f1a de identidad de nuestro Campus<\/b>, de la marca de identidad de los que somos de aqu\u00ed. Por ello, estamos en proceso de registrar una <b>cooperativa impulsada por personas de la comunidad universitaria<\/b> del campus que tras AURORA pueda seguir <b>manteniendo el proyecto vivo y darle una dimensi\u00f3n mayor<\/b>, poder actuar sobre <b>nuevas comunidades educativas<\/b> del barrio, poder mantener nuestros talleres, seguir nuestro <b>trabajo de concienciaci\u00f3n<\/b> con la app de AURORA, contactar con otras comunidades universitarias que quieran seguir nuestro modelo y ampliar nuestros proyectos m\u00e1s all\u00e1 de las instalaciones fotovoltaicas para <b>trabajar de forma m\u00e1s amplia en la sostenibilidad de nuestro entorno<\/b>.<\/p>\t\t\t\t\t\t<\/div>\n\t\t\t\t<\/div>\n\t\t\t\t\t<\/div>\n\t\t<\/div>\n\t\t\t\t\t<\/div>\n\t\t<\/section>\n\t\t\t\t<\/div>","protected":false},"excerpt":{"rendered":"<p>The AURORA project was born with the vision of empowering the South Campus Community to spearhead a paradigm shift in the energy sector. Its inception aimed for UPM members to co-finance a series of photovoltaic installations within the South Campus through micro-investments that would be used for a dual purpose. Contribute to the energy transition [&hellip;]<\/p>","protected":false},"author":11,"featured_media":0,"parent":0,"menu_order":5,"comment_status":"closed","ping_status":"closed","template":"","meta":{"_monsterinsights_skip_tracking":false,"_monsterinsights_sitenote_active":false,"_monsterinsights_sitenote_note":"","_monsterinsights_sitenote_category":0,"footnotes":""},"class_list":["post-7821","page","type-page","status-publish","hentry"],"acf":[],"yoast_head":"<!-- This site is optimized with the Yoast SEO plugin v27.3 - https:\/\/yoast.com\/product\/yoast-seo-wordpress\/ -->\n<title>Home (Madrid) - AURORA H2020<\/title>\n<meta name=\"robots\" content=\"index, follow, max-snippet:-1, max-image-preview:large, max-video-preview:-1\" \/>\n<link rel=\"canonical\" href=\"https:\/\/www.aurora-h2020.eu\/es\/um-main\/\" \/>\n<meta property=\"og:locale\" content=\"es_ES\" \/>\n<meta property=\"og:type\" content=\"article\" \/>\n<meta property=\"og:title\" content=\"Home (Madrid) - AURORA H2020\" \/>\n<meta property=\"og:description\" content=\"The AURORA project was born with the vision of empowering the South Campus Community to spearhead a paradigm shift in the energy sector. Its inception aimed for UPM members to co-finance a series of photovoltaic installations within the South Campus through micro-investments that would be used for a dual purpose. Contribute to the energy transition [&hellip;]\" \/>\n<meta property=\"og:url\" content=\"https:\/\/www.aurora-h2020.eu\/es\/um-main\/\" \/>\n<meta property=\"og:site_name\" content=\"AURORA H2020\" \/>\n<meta property=\"article:modified_time\" content=\"2024-12-08T12:54:33+00:00\" \/>\n<meta property=\"og:image\" content=\"https:\/\/www.aurora-h2020.eu\/wp-content\/uploads\/2024\/05\/Home_image_1.jpg\" \/>\n\t<meta property=\"og:image:width\" content=\"1366\" \/>\n\t<meta property=\"og:image:height\" content=\"911\" \/>\n\t<meta property=\"og:image:type\" content=\"image\/jpeg\" \/>\n<meta name=\"twitter:card\" content=\"summary_large_image\" \/>\n<meta name=\"twitter:site\" content=\"@AURORA_H2020\" \/>\n<meta name=\"twitter:label1\" content=\"Tiempo de lectura\" \/>\n\t<meta name=\"twitter:data1\" content=\"3 minutos\" \/>\n<script type=\"application\/ld+json\" class=\"yoast-schema-graph\">{\"@context\":\"https:\\\/\\\/schema.org\",\"@graph\":[{\"@type\":\"WebPage\",\"@id\":\"https:\\\/\\\/www.aurora-h2020.eu\\\/um-main\\\/\",\"url\":\"https:\\\/\\\/www.aurora-h2020.eu\\\/um-main\\\/\",\"name\":\"Home (Madrid) - AURORA H2020\",\"isPartOf\":{\"@id\":\"https:\\\/\\\/www.aurora-h2020.eu\\\/#website\"},\"primaryImageOfPage\":{\"@id\":\"https:\\\/\\\/www.aurora-h2020.eu\\\/um-main\\\/#primaryimage\"},\"image\":{\"@id\":\"https:\\\/\\\/www.aurora-h2020.eu\\\/um-main\\\/#primaryimage\"},\"thumbnailUrl\":\"https:\\\/\\\/www.aurora-h2020.eu\\\/wp-content\\\/uploads\\\/2024\\\/05\\\/Home_image_1-1024x683.jpg\",\"datePublished\":\"2024-05-20T13:04:40+00:00\",\"dateModified\":\"2024-12-08T12:54:33+00:00\",\"inLanguage\":\"es\",\"potentialAction\":[{\"@type\":\"ReadAction\",\"target\":[\"https:\\\/\\\/www.aurora-h2020.eu\\\/um-main\\\/\"]}]},{\"@type\":\"ImageObject\",\"inLanguage\":\"es\",\"@id\":\"https:\\\/\\\/www.aurora-h2020.eu\\\/um-main\\\/#primaryimage\",\"url\":\"https:\\\/\\\/www.aurora-h2020.eu\\\/wp-content\\\/uploads\\\/2024\\\/05\\\/Home_image_1-1024x683.jpg\",\"contentUrl\":\"https:\\\/\\\/www.aurora-h2020.eu\\\/wp-content\\\/uploads\\\/2024\\\/05\\\/Home_image_1-1024x683.jpg\"},{\"@type\":\"WebSite\",\"@id\":\"https:\\\/\\\/www.aurora-h2020.eu\\\/#website\",\"url\":\"https:\\\/\\\/www.aurora-h2020.eu\\\/\",\"name\":\"AURORA H2020\",\"description\":\"Empowering a new generation of near zero-emission citizens\",\"publisher\":{\"@id\":\"https:\\\/\\\/www.aurora-h2020.eu\\\/#organization\"},\"potentialAction\":[{\"@type\":\"SearchAction\",\"target\":{\"@type\":\"EntryPoint\",\"urlTemplate\":\"https:\\\/\\\/www.aurora-h2020.eu\\\/?s={search_term_string}\"},\"query-input\":{\"@type\":\"PropertyValueSpecification\",\"valueRequired\":true,\"valueName\":\"search_term_string\"}}],\"inLanguage\":\"es\"},{\"@type\":\"Organization\",\"@id\":\"https:\\\/\\\/www.aurora-h2020.eu\\\/#organization\",\"name\":\"AURORA\",\"url\":\"https:\\\/\\\/www.aurora-h2020.eu\\\/\",\"logo\":{\"@type\":\"ImageObject\",\"inLanguage\":\"es\",\"@id\":\"https:\\\/\\\/www.aurora-h2020.eu\\\/#\\\/schema\\\/logo\\\/image\\\/\",\"url\":\"https:\\\/\\\/www.aurora-h2020.eu\\\/wp-content\\\/uploads\\\/2022\\\/03\\\/2022-03-02-14.51.48.jpg\",\"contentUrl\":\"https:\\\/\\\/www.aurora-h2020.eu\\\/wp-content\\\/uploads\\\/2022\\\/03\\\/2022-03-02-14.51.48.jpg\",\"width\":1280,\"height\":367,\"caption\":\"AURORA\"},\"image\":{\"@id\":\"https:\\\/\\\/www.aurora-h2020.eu\\\/#\\\/schema\\\/logo\\\/image\\\/\"},\"sameAs\":[\"https:\\\/\\\/x.com\\\/AURORA_H2020\"]}]}<\/script>\n<!-- \/ Yoast SEO plugin. -->","yoast_head_json":{"title":"Home (Madrid) - AURORA H2020","robots":{"index":"index","follow":"follow","max-snippet":"max-snippet:-1","max-image-preview":"max-image-preview:large","max-video-preview":"max-video-preview:-1"},"canonical":"https:\/\/www.aurora-h2020.eu\/es\/um-main\/","og_locale":"es_ES","og_type":"article","og_title":"Home (Madrid) - AURORA H2020","og_description":"The AURORA project was born with the vision of empowering the South Campus Community to spearhead a paradigm shift in the energy sector. Its inception aimed for UPM members to co-finance a series of photovoltaic installations within the South Campus through micro-investments that would be used for a dual purpose. Contribute to the energy transition [&hellip;]","og_url":"https:\/\/www.aurora-h2020.eu\/es\/um-main\/","og_site_name":"AURORA H2020","article_modified_time":"2024-12-08T12:54:33+00:00","og_image":[{"width":1366,"height":911,"url":"https:\/\/www.aurora-h2020.eu\/wp-content\/uploads\/2024\/05\/Home_image_1.jpg","type":"image\/jpeg"}],"twitter_card":"summary_large_image","twitter_site":"@AURORA_H2020","twitter_misc":{"Tiempo de lectura":"3 minutos"},"schema":{"@context":"https:\/\/schema.org","@graph":[{"@type":"WebPage","@id":"https:\/\/www.aurora-h2020.eu\/um-main\/","url":"https:\/\/www.aurora-h2020.eu\/um-main\/","name":"Home (Madrid) - AURORA H2020","isPartOf":{"@id":"https:\/\/www.aurora-h2020.eu\/#website"},"primaryImageOfPage":{"@id":"https:\/\/www.aurora-h2020.eu\/um-main\/#primaryimage"},"image":{"@id":"https:\/\/www.aurora-h2020.eu\/um-main\/#primaryimage"},"thumbnailUrl":"https:\/\/www.aurora-h2020.eu\/wp-content\/uploads\/2024\/05\/Home_image_1-1024x683.jpg","datePublished":"2024-05-20T13:04:40+00:00","dateModified":"2024-12-08T12:54:33+00:00","inLanguage":"es","potentialAction":[{"@type":"ReadAction","target":["https:\/\/www.aurora-h2020.eu\/um-main\/"]}]},{"@type":"ImageObject","inLanguage":"es","@id":"https:\/\/www.aurora-h2020.eu\/um-main\/#primaryimage","url":"https:\/\/www.aurora-h2020.eu\/wp-content\/uploads\/2024\/05\/Home_image_1-1024x683.jpg","contentUrl":"https:\/\/www.aurora-h2020.eu\/wp-content\/uploads\/2024\/05\/Home_image_1-1024x683.jpg"},{"@type":"WebSite","@id":"https:\/\/www.aurora-h2020.eu\/#website","url":"https:\/\/www.aurora-h2020.eu\/","name":"AURORA H2020","description":"Empowering a new generation of near zero-emission citizens","publisher":{"@id":"https:\/\/www.aurora-h2020.eu\/#organization"},"potentialAction":[{"@type":"SearchAction","target":{"@type":"EntryPoint","urlTemplate":"https:\/\/www.aurora-h2020.eu\/?s={search_term_string}"},"query-input":{"@type":"PropertyValueSpecification","valueRequired":true,"valueName":"search_term_string"}}],"inLanguage":"es"},{"@type":"Organization","@id":"https:\/\/www.aurora-h2020.eu\/#organization","name":"AURORA","url":"https:\/\/www.aurora-h2020.eu\/","logo":{"@type":"ImageObject","inLanguage":"es","@id":"https:\/\/www.aurora-h2020.eu\/#\/schema\/logo\/image\/","url":"https:\/\/www.aurora-h2020.eu\/wp-content\/uploads\/2022\/03\/2022-03-02-14.51.48.jpg","contentUrl":"https:\/\/www.aurora-h2020.eu\/wp-content\/uploads\/2022\/03\/2022-03-02-14.51.48.jpg","width":1280,"height":367,"caption":"AURORA"},"image":{"@id":"https:\/\/www.aurora-h2020.eu\/#\/schema\/logo\/image\/"},"sameAs":["https:\/\/x.com\/AURORA_H2020"]}]}},"_links":{"self":[{"href":"https:\/\/www.aurora-h2020.eu\/es\/wp-json\/wp\/v2\/pages\/7821","targetHints":{"allow":["GET"]}}],"collection":[{"href":"https:\/\/www.aurora-h2020.eu\/es\/wp-json\/wp\/v2\/pages"}],"about":[{"href":"https:\/\/www.aurora-h2020.eu\/es\/wp-json\/wp\/v2\/types\/page"}],"author":[{"embeddable":true,"href":"https:\/\/www.aurora-h2020.eu\/es\/wp-json\/wp\/v2\/users\/11"}],"replies":[{"embeddable":true,"href":"https:\/\/www.aurora-h2020.eu\/es\/wp-json\/wp\/v2\/comments?post=7821"}],"version-history":[{"count":0,"href":"https:\/\/www.aurora-h2020.eu\/es\/wp-json\/wp\/v2\/pages\/7821\/revisions"}],"wp:attachment":[{"href":"https:\/\/www.aurora-h2020.eu\/es\/wp-json\/wp\/v2\/media?parent=7821"}],"curies":[{"name":"wp","href":"https:\/\/api.w.org\/{rel}","templated":true}]}}