{"id":4017,"date":"2022-09-21T13:05:21","date_gmt":"2022-09-21T11:05:21","guid":{"rendered":"https:\/\/www.aurora-h2020.eu\/?page_id=4017"},"modified":"2022-10-12T11:00:17","modified_gmt":"2022-10-12T09:00:17","slug":"past-events","status":"publish","type":"page","link":"https:\/\/www.aurora-h2020.eu\/es\/ul-main\/events\/past-events\/","title":{"rendered":"Past Events"},"content":{"rendered":"<div data-elementor-type=\"wp-page\" data-elementor-id=\"4017\" class=\"elementor elementor-4017\" data-elementor-post-type=\"page\">\n\t\t\t\t\t\t<section class=\"elementor-section elementor-top-section elementor-element elementor-element-a619898 elementor-section-boxed elementor-section-height-default elementor-section-height-default\" data-id=\"a619898\" data-element_type=\"section\">\n\t\t\t\t\t\t<div class=\"elementor-container elementor-column-gap-default\">\n\t\t\t\t\t<div class=\"elementor-column elementor-col-100 elementor-top-column elementor-element elementor-element-f047a0c\" data-id=\"f047a0c\" data-element_type=\"column\">\n\t\t\t<div class=\"elementor-widget-wrap elementor-element-populated\">\n\t\t\t\t\t\t<div class=\"elementor-element elementor-element-85d7279 elementor-grid-3 elementor-grid-tablet-2 elementor-grid-mobile-1 elementor-posts--thumbnail-top elementor-card-shadow-yes elementor-posts__hover-gradient elementor-widget elementor-widget-posts\" data-id=\"85d7279\" data-element_type=\"widget\" data-settings=\"{&quot;pagination_type&quot;:&quot;numbers&quot;,&quot;cards_columns&quot;:&quot;3&quot;,&quot;cards_columns_tablet&quot;:&quot;2&quot;,&quot;cards_columns_mobile&quot;:&quot;1&quot;,&quot;cards_row_gap&quot;:{&quot;unit&quot;:&quot;px&quot;,&quot;size&quot;:35,&quot;sizes&quot;:[]},&quot;cards_row_gap_tablet&quot;:{&quot;unit&quot;:&quot;px&quot;,&quot;size&quot;:&quot;&quot;,&quot;sizes&quot;:[]},&quot;cards_row_gap_mobile&quot;:{&quot;unit&quot;:&quot;px&quot;,&quot;size&quot;:&quot;&quot;,&quot;sizes&quot;:[]}}\" data-widget_type=\"posts.cards\">\n\t\t\t\t<div class=\"elementor-widget-container\">\n\t\t\t<link rel=\"stylesheet\" href=\"https:\/\/www.aurora-h2020.eu\/wp-content\/plugins\/elementor-pro\/assets\/css\/widget-posts.min.css\">\t\t<div class=\"elementor-posts-container elementor-posts elementor-posts--skin-cards elementor-grid\">\n\t\t\t\t<article class=\"elementor-post elementor-grid-item post-11843 ul-news type-ul-news status-publish has-post-thumbnail hentry category-article category-event category-news category-press-release category-slovenia tag-aurora tag-energy-community tag-energy-efficiency tag-media tag-past-event tag-press tag-renewable-energy\">\n\t\t\t<div class=\"elementor-post__card\">\n\t\t\t\t<a class=\"elementor-post__thumbnail__link\" href=\"https:\/\/www.aurora-h2020.eu\/es\/ul-news\/11th-slovenian-photovoltaic-conference-slo-pv-2025-solar-energy-as-a-cornerstone-of-sustainable-development\/\" tabindex=\"-1\" ><div class=\"elementor-post__thumbnail\"><img fetchpriority=\"high\" decoding=\"async\" width=\"300\" height=\"169\" src=\"https:\/\/www.aurora-h2020.eu\/wp-content\/uploads\/2025\/06\/SLO-PV_FHD-300x169.jpg\" class=\"attachment-medium size-medium wp-image-11844\" alt=\"\" srcset=\"https:\/\/www.aurora-h2020.eu\/wp-content\/uploads\/2025\/06\/SLO-PV_FHD-300x169.jpg 300w, https:\/\/www.aurora-h2020.eu\/wp-content\/uploads\/2025\/06\/SLO-PV_FHD-1024x576.jpg 1024w, https:\/\/www.aurora-h2020.eu\/wp-content\/uploads\/2025\/06\/SLO-PV_FHD-768x432.jpg 768w, https:\/\/www.aurora-h2020.eu\/wp-content\/uploads\/2025\/06\/SLO-PV_FHD-1536x864.jpg 1536w, https:\/\/www.aurora-h2020.eu\/wp-content\/uploads\/2025\/06\/SLO-PV_FHD-18x10.jpg 18w, https:\/\/www.aurora-h2020.eu\/wp-content\/uploads\/2025\/06\/SLO-PV_FHD.jpg 1920w\" sizes=\"(max-width: 300px) 100vw, 300px\" \/><\/div><\/a>\n\t\t\t\t<div class=\"elementor-post__text\">\n\t\t\t\t<h3 class=\"elementor-post__title\">\n\t\t\t<a href=\"https:\/\/www.aurora-h2020.eu\/es\/ul-news\/11th-slovenian-photovoltaic-conference-slo-pv-2025-solar-energy-as-a-cornerstone-of-sustainable-development\/\" >\n\t\t\t\t11th Slovenian Photovoltaic Conference SLO-PV 2025: Solar Energy as a Cornerstone of Sustainable Development\t\t\t<\/a>\n\t\t<\/h3>\n\t\t\t\t<div class=\"elementor-post__excerpt\">\n\t\t\t<p>The 11th Slovenian Photovoltaic Conference concluded yesterday at the Faculty of Electrical Engineering, University of Ljubljana (UL FE). The event provided participants with insights into<\/p>\n\t\t<\/div>\n\t\t\n\t\t<a class=\"elementor-post__read-more\" href=\"https:\/\/www.aurora-h2020.eu\/es\/ul-news\/11th-slovenian-photovoltaic-conference-slo-pv-2025-solar-energy-as-a-cornerstone-of-sustainable-development\/\" aria-label=\"M\u00e1s informaci\u00f3n sobre 11th Slovenian Photovoltaic Conference SLO-PV 2025: Solar Energy as a Cornerstone of Sustainable Development\" tabindex=\"-1\" >\n\t\t\tRead More \u00bb\t\t<\/a>\n\n\t\t\t\t<\/div>\n\t\t\t\t\t<\/div>\n\t\t<\/article>\n\t\t\t\t<article class=\"elementor-post elementor-grid-item post-11836 ul-news type-ul-news status-publish has-post-thumbnail hentry category-article category-event category-news category-slovenia tag-aurora tag-community-engagement tag-energy-community tag-media tag-past-event tag-press tag-renewable-energy tag-solar-pv\">\n\t\t\t<div class=\"elementor-post__card\">\n\t\t\t\t<a class=\"elementor-post__thumbnail__link\" href=\"https:\/\/www.aurora-h2020.eu\/es\/ul-news\/the-aurora-solar-power-plant-officially-launched-at-the-faculty-of-electrical-engineering\/\" tabindex=\"-1\" ><div class=\"elementor-post__thumbnail\"><img decoding=\"async\" width=\"300\" height=\"138\" src=\"https:\/\/www.aurora-h2020.eu\/wp-content\/uploads\/2025\/06\/Screenshot_20250618_225716_Gallery-300x138.jpg\" class=\"attachment-medium size-medium wp-image-11837\" alt=\"\" srcset=\"https:\/\/www.aurora-h2020.eu\/wp-content\/uploads\/2025\/06\/Screenshot_20250618_225716_Gallery-300x138.jpg 300w, https:\/\/www.aurora-h2020.eu\/wp-content\/uploads\/2025\/06\/Screenshot_20250618_225716_Gallery-1024x473.jpg 1024w, https:\/\/www.aurora-h2020.eu\/wp-content\/uploads\/2025\/06\/Screenshot_20250618_225716_Gallery-768x354.jpg 768w, https:\/\/www.aurora-h2020.eu\/wp-content\/uploads\/2025\/06\/Screenshot_20250618_225716_Gallery-1536x709.jpg 1536w, https:\/\/www.aurora-h2020.eu\/wp-content\/uploads\/2025\/06\/Screenshot_20250618_225716_Gallery-18x8.jpg 18w, https:\/\/www.aurora-h2020.eu\/wp-content\/uploads\/2025\/06\/Screenshot_20250618_225716_Gallery.jpg 1920w\" sizes=\"(max-width: 300px) 100vw, 300px\" \/><\/div><\/a>\n\t\t\t\t<div class=\"elementor-post__text\">\n\t\t\t\t<h3 class=\"elementor-post__title\">\n\t\t\t<a href=\"https:\/\/www.aurora-h2020.eu\/es\/ul-news\/the-aurora-solar-power-plant-officially-launched-at-the-faculty-of-electrical-engineering\/\" >\n\t\t\t\tThe AURORA Solar Power Plant Officially Launched at the Faculty of Electrical Engineering\t\t\t<\/a>\n\t\t<\/h3>\n\t\t\t\t<div class=\"elementor-post__excerpt\">\n\t\t\t<p>Yesterday, the 11th Slovenian Photovoltaic Conference took place at the Faculty of Electrical Engineering, University of Ljubljana \u2013 the leading national professional event in the<\/p>\n\t\t<\/div>\n\t\t\n\t\t<a class=\"elementor-post__read-more\" href=\"https:\/\/www.aurora-h2020.eu\/es\/ul-news\/the-aurora-solar-power-plant-officially-launched-at-the-faculty-of-electrical-engineering\/\" aria-label=\"M\u00e1s informaci\u00f3n sobre The AURORA Solar Power Plant Officially Launched at the Faculty of Electrical Engineering\" tabindex=\"-1\" >\n\t\t\tRead More \u00bb\t\t<\/a>\n\n\t\t\t\t<\/div>\n\t\t\t\t\t<\/div>\n\t\t<\/article>\n\t\t\t\t<article class=\"elementor-post elementor-grid-item post-11757 ul-news type-ul-news status-publish has-post-thumbnail hentry category-article category-event category-news category-slovenia tag-aurora tag-past-event tag-renewable-energy\">\n\t\t\t<div class=\"elementor-post__card\">\n\t\t\t\t<a class=\"elementor-post__thumbnail__link\" href=\"https:\/\/www.aurora-h2020.eu\/es\/ul-news\/sek-excursion-to-the-east-of-slovenia\/\" tabindex=\"-1\" ><div class=\"elementor-post__thumbnail\"><img decoding=\"async\" width=\"300\" height=\"146\" src=\"https:\/\/www.aurora-h2020.eu\/wp-content\/uploads\/2025\/05\/Bisol-300x146.jpg\" class=\"attachment-medium size-medium wp-image-11770\" alt=\"\" srcset=\"https:\/\/www.aurora-h2020.eu\/wp-content\/uploads\/2025\/05\/Bisol-300x146.jpg 300w, https:\/\/www.aurora-h2020.eu\/wp-content\/uploads\/2025\/05\/Bisol-1024x498.jpg 1024w, https:\/\/www.aurora-h2020.eu\/wp-content\/uploads\/2025\/05\/Bisol-768x374.jpg 768w, https:\/\/www.aurora-h2020.eu\/wp-content\/uploads\/2025\/05\/Bisol-18x9.jpg 18w, https:\/\/www.aurora-h2020.eu\/wp-content\/uploads\/2025\/05\/Bisol.jpg 1235w\" sizes=\"(max-width: 300px) 100vw, 300px\" \/><\/div><\/a>\n\t\t\t\t<div class=\"elementor-post__text\">\n\t\t\t\t<h3 class=\"elementor-post__title\">\n\t\t\t<a href=\"https:\/\/www.aurora-h2020.eu\/es\/ul-news\/sek-excursion-to-the-east-of-slovenia\/\" >\n\t\t\t\t\u0160EK excursion to the east of Slovenia\t\t\t<\/a>\n\t\t<\/h3>\n\t\t\t\t<div class=\"elementor-post__excerpt\">\n\t\t\t<p>BISOL &amp; Gorenje\/Hisense On Friday, 23 May 2025, the Student Energy Club (\u0160EK), in collaboration with the Faculty of Electrical Engineering at the University of<\/p>\n\t\t<\/div>\n\t\t\n\t\t<a class=\"elementor-post__read-more\" href=\"https:\/\/www.aurora-h2020.eu\/es\/ul-news\/sek-excursion-to-the-east-of-slovenia\/\" aria-label=\"M\u00e1s informaci\u00f3n sobre \u0160EK excursion to the east of Slovenia\" tabindex=\"-1\" >\n\t\t\tRead More \u00bb\t\t<\/a>\n\n\t\t\t\t<\/div>\n\t\t\t\t\t<\/div>\n\t\t<\/article>\n\t\t\t\t<article class=\"elementor-post elementor-grid-item post-11751 ul-news type-ul-news status-publish has-post-thumbnail hentry category-article category-event category-news category-slovenia tag-aurora tag-past-event tag-renewable-energy\">\n\t\t\t<div class=\"elementor-post__card\">\n\t\t\t\t<a class=\"elementor-post__thumbnail__link\" href=\"https:\/\/www.aurora-h2020.eu\/es\/ul-news\/sek-excursion-to-the-west-of-slovenia\/\" tabindex=\"-1\" ><div class=\"elementor-post__thumbnail\"><img loading=\"lazy\" decoding=\"async\" width=\"300\" height=\"169\" src=\"https:\/\/www.aurora-h2020.eu\/wp-content\/uploads\/2025\/05\/20250519-Avce-03-300x169.jpg\" class=\"attachment-medium size-medium wp-image-11752\" alt=\"\" srcset=\"https:\/\/www.aurora-h2020.eu\/wp-content\/uploads\/2025\/05\/20250519-Avce-03-300x169.jpg 300w, https:\/\/www.aurora-h2020.eu\/wp-content\/uploads\/2025\/05\/20250519-Avce-03-18x10.jpg 18w, https:\/\/www.aurora-h2020.eu\/wp-content\/uploads\/2025\/05\/20250519-Avce-03.jpg 470w\" sizes=\"(max-width: 300px) 100vw, 300px\" \/><\/div><\/a>\n\t\t\t\t<div class=\"elementor-post__text\">\n\t\t\t\t<h3 class=\"elementor-post__title\">\n\t\t\t<a href=\"https:\/\/www.aurora-h2020.eu\/es\/ul-news\/sek-excursion-to-the-west-of-slovenia\/\" >\n\t\t\t\t\u0160EK excursion to the west of Slovenia\t\t\t<\/a>\n\t\t<\/h3>\n\t\t\t\t<div class=\"elementor-post__excerpt\">\n\t\t\t<p>Kolektor Idrija &amp; Av\u010de pumped storage hydroelectric power plant On Monday, 19 May 2025, the Student Energy Club (\u0160EK), in collaboration with the Faculty of<\/p>\n\t\t<\/div>\n\t\t\n\t\t<a class=\"elementor-post__read-more\" href=\"https:\/\/www.aurora-h2020.eu\/es\/ul-news\/sek-excursion-to-the-west-of-slovenia\/\" aria-label=\"M\u00e1s informaci\u00f3n sobre \u0160EK excursion to the west of Slovenia\" tabindex=\"-1\" >\n\t\t\tRead More \u00bb\t\t<\/a>\n\n\t\t\t\t<\/div>\n\t\t\t\t\t<\/div>\n\t\t<\/article>\n\t\t\t\t<article class=\"elementor-post elementor-grid-item post-11250 ul-news type-ul-news status-publish has-post-thumbnail hentry category-event category-news category-slovenia tag-aurora tag-energy-community tag-media tag-past-event tag-renewable-energy\">\n\t\t\t<div class=\"elementor-post__card\">\n\t\t\t\t<a class=\"elementor-post__thumbnail__link\" href=\"https:\/\/www.aurora-h2020.eu\/es\/ul-news\/we-have-received-a-special-recognition-award\/\" tabindex=\"-1\" ><div class=\"elementor-post__thumbnail\"><img loading=\"lazy\" decoding=\"async\" width=\"300\" height=\"200\" src=\"https:\/\/www.aurora-h2020.eu\/wp-content\/uploads\/2025\/04\/IMG_5858-TO-300x200.jpg\" class=\"attachment-medium size-medium wp-image-11254\" alt=\"\" srcset=\"https:\/\/www.aurora-h2020.eu\/wp-content\/uploads\/2025\/04\/IMG_5858-TO-300x200.jpg 300w, https:\/\/www.aurora-h2020.eu\/wp-content\/uploads\/2025\/04\/IMG_5858-TO-1024x683.jpg 1024w, https:\/\/www.aurora-h2020.eu\/wp-content\/uploads\/2025\/04\/IMG_5858-TO-768x512.jpg 768w, https:\/\/www.aurora-h2020.eu\/wp-content\/uploads\/2025\/04\/IMG_5858-TO-1536x1024.jpg 1536w, https:\/\/www.aurora-h2020.eu\/wp-content\/uploads\/2025\/04\/IMG_5858-TO-18x12.jpg 18w, https:\/\/www.aurora-h2020.eu\/wp-content\/uploads\/2025\/04\/IMG_5858-TO.jpg 1920w\" sizes=\"(max-width: 300px) 100vw, 300px\" \/><\/div><\/a>\n\t\t\t\t<div class=\"elementor-post__text\">\n\t\t\t\t<h3 class=\"elementor-post__title\">\n\t\t\t<a href=\"https:\/\/www.aurora-h2020.eu\/es\/ul-news\/we-have-received-a-special-recognition-award\/\" >\n\t\t\t\tWe have received a Special Recognition Award\t\t\t<\/a>\n\t\t<\/h3>\n\t\t\t\t<div class=\"elementor-post__excerpt\">\n\t\t\t<p>On 14 and 15 April 2025, the 27th Energy Days took place in Portoro\u017e, on the Slovenian coast. This well-established event is organised by the<\/p>\n\t\t<\/div>\n\t\t\n\t\t<a class=\"elementor-post__read-more\" href=\"https:\/\/www.aurora-h2020.eu\/es\/ul-news\/we-have-received-a-special-recognition-award\/\" aria-label=\"M\u00e1s informaci\u00f3n sobre We have received a Special Recognition Award\" tabindex=\"-1\" >\n\t\t\tRead More \u00bb\t\t<\/a>\n\n\t\t\t\t<\/div>\n\t\t\t\t\t<\/div>\n\t\t<\/article>\n\t\t\t\t<article class=\"elementor-post elementor-grid-item post-11114 ul-news type-ul-news status-publish has-post-thumbnail hentry category-event category-news category-slovenia tag-past-event\">\n\t\t\t<div class=\"elementor-post__card\">\n\t\t\t\t<a class=\"elementor-post__thumbnail__link\" href=\"https:\/\/www.aurora-h2020.eu\/es\/ul-news\/sek-emc-workshop\/\" tabindex=\"-1\" ><div class=\"elementor-post__thumbnail\"><img loading=\"lazy\" decoding=\"async\" width=\"300\" height=\"225\" src=\"https:\/\/www.aurora-h2020.eu\/wp-content\/uploads\/2025\/03\/20250303_161607-TO-300x225.jpg\" class=\"attachment-medium size-medium wp-image-11115\" alt=\"\" srcset=\"https:\/\/www.aurora-h2020.eu\/wp-content\/uploads\/2025\/03\/20250303_161607-TO-300x225.jpg 300w, https:\/\/www.aurora-h2020.eu\/wp-content\/uploads\/2025\/03\/20250303_161607-TO-1024x768.jpg 1024w, https:\/\/www.aurora-h2020.eu\/wp-content\/uploads\/2025\/03\/20250303_161607-TO-768x576.jpg 768w, https:\/\/www.aurora-h2020.eu\/wp-content\/uploads\/2025\/03\/20250303_161607-TO-1536x1152.jpg 1536w, https:\/\/www.aurora-h2020.eu\/wp-content\/uploads\/2025\/03\/20250303_161607-TO-16x12.jpg 16w, https:\/\/www.aurora-h2020.eu\/wp-content\/uploads\/2025\/03\/20250303_161607-TO.jpg 1920w\" sizes=\"(max-width: 300px) 100vw, 300px\" \/><\/div><\/a>\n\t\t\t\t<div class=\"elementor-post__text\">\n\t\t\t\t<h3 class=\"elementor-post__title\">\n\t\t\t<a href=\"https:\/\/www.aurora-h2020.eu\/es\/ul-news\/sek-emc-workshop\/\" >\n\t\t\t\t\u0160EK &amp; EMC Workshop\t\t\t<\/a>\n\t\t<\/h3>\n\t\t\t\t<div class=\"elementor-post__excerpt\">\n\t\t\t<p>Connecting Knowledge, Experience, and Innovation The Student Energy Club (\u0160EK) has supported the EMC Workshop \u2013 a traditional student competition in electronic design for EMC,<\/p>\n\t\t<\/div>\n\t\t\n\t\t<a class=\"elementor-post__read-more\" href=\"https:\/\/www.aurora-h2020.eu\/es\/ul-news\/sek-emc-workshop\/\" aria-label=\"M\u00e1s informaci\u00f3n sobre \u0160EK &amp; EMC Workshop\" tabindex=\"-1\" >\n\t\t\tRead More \u00bb\t\t<\/a>\n\n\t\t\t\t<\/div>\n\t\t\t\t\t<\/div>\n\t\t<\/article>\n\t\t\t\t<\/div>\n\t\t\n\t\t\t\t<div class=\"e-load-more-anchor\" data-page=\"1\" data-max-page=\"6\" data-next-page=\"https:\/\/www.aurora-h2020.eu\/es\/wp-json\/wp\/v2\/pages\/4017\/page\/2\/\"><\/div>\n\t\t\t\t<nav class=\"elementor-pagination\" aria-label=\"Paginaci\u00f3n\">\n\t\t\t<span aria-current=\"page\" class=\"page-numbers current\"><span class=\"elementor-screen-only\">P\u00e1gina<\/span>1<\/span>\n<a class=\"page-numbers\" href=\"https:\/\/www.aurora-h2020.eu\/es\/wp-json\/wp\/v2\/pages\/4017\/page\/2\/\"><span class=\"elementor-screen-only\">P\u00e1gina<\/span>2<\/a>\n<a class=\"page-numbers\" href=\"https:\/\/www.aurora-h2020.eu\/es\/wp-json\/wp\/v2\/pages\/4017\/page\/3\/\"><span class=\"elementor-screen-only\">P\u00e1gina<\/span>3<\/a>\n<a class=\"page-numbers\" href=\"https:\/\/www.aurora-h2020.eu\/es\/wp-json\/wp\/v2\/pages\/4017\/page\/4\/\"><span class=\"elementor-screen-only\">P\u00e1gina<\/span>4<\/a>\n<a class=\"page-numbers\" href=\"https:\/\/www.aurora-h2020.eu\/es\/wp-json\/wp\/v2\/pages\/4017\/page\/5\/\"><span class=\"elementor-screen-only\">P\u00e1gina<\/span>5<\/a>\t\t<\/nav>\n\t\t\t\t<\/div>\n\t\t\t\t<\/div>\n\t\t\t\t\t<\/div>\n\t\t<\/div>\n\t\t\t\t\t<\/div>\n\t\t<\/section>\n\t\t\t\t<\/div>","protected":false},"excerpt":{"rendered":"","protected":false},"author":8,"featured_media":0,"parent":4015,"menu_order":5,"comment_status":"closed","ping_status":"closed","template":"","meta":{"_monsterinsights_skip_tracking":false,"_monsterinsights_sitenote_active":false,"_monsterinsights_sitenote_note":"","_monsterinsights_sitenote_category":0,"footnotes":""},"class_list":["post-4017","page","type-page","status-publish","hentry"],"acf":[],"yoast_head":"<!-- This site is optimized with the Yoast SEO plugin v27.3 - https:\/\/yoast.com\/product\/yoast-seo-wordpress\/ -->\n<title>Past Events - AURORA H2020<\/title>\n<meta name=\"robots\" content=\"index, follow, max-snippet:-1, max-image-preview:large, max-video-preview:-1\" \/>\n<link rel=\"canonical\" href=\"https:\/\/www.aurora-h2020.eu\/es\/ul-main\/events\/past-events\/\" \/>\n<meta property=\"og:locale\" content=\"es_ES\" \/>\n<meta property=\"og:type\" content=\"article\" \/>\n<meta property=\"og:title\" content=\"Past Events - AURORA H2020\" \/>\n<meta property=\"og:url\" content=\"https:\/\/www.aurora-h2020.eu\/es\/ul-main\/events\/past-events\/\" \/>\n<meta property=\"og:site_name\" content=\"AURORA H2020\" \/>\n<meta property=\"article:modified_time\" content=\"2022-10-12T09:00:17+00:00\" \/>\n<meta name=\"twitter:card\" content=\"summary_large_image\" \/>\n<meta name=\"twitter:site\" content=\"@AURORA_H2020\" \/>\n<meta name=\"twitter:label1\" content=\"Tiempo de lectura\" \/>\n\t<meta name=\"twitter:data1\" content=\"1 minuto\" \/>\n<script type=\"application\/ld+json\" class=\"yoast-schema-graph\">{\"@context\":\"https:\\\/\\\/schema.org\",\"@graph\":[{\"@type\":\"WebPage\",\"@id\":\"https:\\\/\\\/www.aurora-h2020.eu\\\/ul-main\\\/events\\\/past-events\\\/\",\"url\":\"https:\\\/\\\/www.aurora-h2020.eu\\\/ul-main\\\/events\\\/past-events\\\/\",\"name\":\"Past Events - AURORA H2020\",\"isPartOf\":{\"@id\":\"https:\\\/\\\/www.aurora-h2020.eu\\\/#website\"},\"datePublished\":\"2022-09-21T11:05:21+00:00\",\"dateModified\":\"2022-10-12T09:00:17+00:00\",\"breadcrumb\":{\"@id\":\"https:\\\/\\\/www.aurora-h2020.eu\\\/ul-main\\\/events\\\/past-events\\\/#breadcrumb\"},\"inLanguage\":\"es\",\"potentialAction\":[{\"@type\":\"ReadAction\",\"target\":[\"https:\\\/\\\/www.aurora-h2020.eu\\\/ul-main\\\/events\\\/past-events\\\/\"]}]},{\"@type\":\"BreadcrumbList\",\"@id\":\"https:\\\/\\\/www.aurora-h2020.eu\\\/ul-main\\\/events\\\/past-events\\\/#breadcrumb\",\"itemListElement\":[{\"@type\":\"ListItem\",\"position\":1,\"name\":\"University of Ljubljana\",\"item\":\"https:\\\/\\\/www.aurora-h2020.eu\\\/ul-main\\\/\"},{\"@type\":\"ListItem\",\"position\":2,\"name\":\"Events\",\"item\":\"https:\\\/\\\/www.aurora-h2020.eu\\\/ul-main\\\/events\\\/\"},{\"@type\":\"ListItem\",\"position\":3,\"name\":\"Past Events\"}]},{\"@type\":\"WebSite\",\"@id\":\"https:\\\/\\\/www.aurora-h2020.eu\\\/#website\",\"url\":\"https:\\\/\\\/www.aurora-h2020.eu\\\/\",\"name\":\"AURORA H2020\",\"description\":\"Empowering a new generation of near zero-emission citizens\",\"publisher\":{\"@id\":\"https:\\\/\\\/www.aurora-h2020.eu\\\/#organization\"},\"potentialAction\":[{\"@type\":\"SearchAction\",\"target\":{\"@type\":\"EntryPoint\",\"urlTemplate\":\"https:\\\/\\\/www.aurora-h2020.eu\\\/?s={search_term_string}\"},\"query-input\":{\"@type\":\"PropertyValueSpecification\",\"valueRequired\":true,\"valueName\":\"search_term_string\"}}],\"inLanguage\":\"es\"},{\"@type\":\"Organization\",\"@id\":\"https:\\\/\\\/www.aurora-h2020.eu\\\/#organization\",\"name\":\"AURORA\",\"url\":\"https:\\\/\\\/www.aurora-h2020.eu\\\/\",\"logo\":{\"@type\":\"ImageObject\",\"inLanguage\":\"es\",\"@id\":\"https:\\\/\\\/www.aurora-h2020.eu\\\/#\\\/schema\\\/logo\\\/image\\\/\",\"url\":\"https:\\\/\\\/www.aurora-h2020.eu\\\/wp-content\\\/uploads\\\/2022\\\/03\\\/2022-03-02-14.51.48.jpg\",\"contentUrl\":\"https:\\\/\\\/www.aurora-h2020.eu\\\/wp-content\\\/uploads\\\/2022\\\/03\\\/2022-03-02-14.51.48.jpg\",\"width\":1280,\"height\":367,\"caption\":\"AURORA\"},\"image\":{\"@id\":\"https:\\\/\\\/www.aurora-h2020.eu\\\/#\\\/schema\\\/logo\\\/image\\\/\"},\"sameAs\":[\"https:\\\/\\\/x.com\\\/AURORA_H2020\"]}]}<\/script>\n<!-- \/ Yoast SEO plugin. -->","yoast_head_json":{"title":"Past Events - AURORA H2020","robots":{"index":"index","follow":"follow","max-snippet":"max-snippet:-1","max-image-preview":"max-image-preview:large","max-video-preview":"max-video-preview:-1"},"canonical":"https:\/\/www.aurora-h2020.eu\/es\/ul-main\/events\/past-events\/","og_locale":"es_ES","og_type":"article","og_title":"Past Events - AURORA H2020","og_url":"https:\/\/www.aurora-h2020.eu\/es\/ul-main\/events\/past-events\/","og_site_name":"AURORA H2020","article_modified_time":"2022-10-12T09:00:17+00:00","twitter_card":"summary_large_image","twitter_site":"@AURORA_H2020","twitter_misc":{"Tiempo de lectura":"1 minuto"},"schema":{"@context":"https:\/\/schema.org","@graph":[{"@type":"WebPage","@id":"https:\/\/www.aurora-h2020.eu\/ul-main\/events\/past-events\/","url":"https:\/\/www.aurora-h2020.eu\/ul-main\/events\/past-events\/","name":"Past Events - AURORA H2020","isPartOf":{"@id":"https:\/\/www.aurora-h2020.eu\/#website"},"datePublished":"2022-09-21T11:05:21+00:00","dateModified":"2022-10-12T09:00:17+00:00","breadcrumb":{"@id":"https:\/\/www.aurora-h2020.eu\/ul-main\/events\/past-events\/#breadcrumb"},"inLanguage":"es","potentialAction":[{"@type":"ReadAction","target":["https:\/\/www.aurora-h2020.eu\/ul-main\/events\/past-events\/"]}]},{"@type":"BreadcrumbList","@id":"https:\/\/www.aurora-h2020.eu\/ul-main\/events\/past-events\/#breadcrumb","itemListElement":[{"@type":"ListItem","position":1,"name":"University of Ljubljana","item":"https:\/\/www.aurora-h2020.eu\/ul-main\/"},{"@type":"ListItem","position":2,"name":"Events","item":"https:\/\/www.aurora-h2020.eu\/ul-main\/events\/"},{"@type":"ListItem","position":3,"name":"Past Events"}]},{"@type":"WebSite","@id":"https:\/\/www.aurora-h2020.eu\/#website","url":"https:\/\/www.aurora-h2020.eu\/","name":"AURORA H2020","description":"Empowering a new generation of near zero-emission citizens","publisher":{"@id":"https:\/\/www.aurora-h2020.eu\/#organization"},"potentialAction":[{"@type":"SearchAction","target":{"@type":"EntryPoint","urlTemplate":"https:\/\/www.aurora-h2020.eu\/?s={search_term_string}"},"query-input":{"@type":"PropertyValueSpecification","valueRequired":true,"valueName":"search_term_string"}}],"inLanguage":"es"},{"@type":"Organization","@id":"https:\/\/www.aurora-h2020.eu\/#organization","name":"AURORA","url":"https:\/\/www.aurora-h2020.eu\/","logo":{"@type":"ImageObject","inLanguage":"es","@id":"https:\/\/www.aurora-h2020.eu\/#\/schema\/logo\/image\/","url":"https:\/\/www.aurora-h2020.eu\/wp-content\/uploads\/2022\/03\/2022-03-02-14.51.48.jpg","contentUrl":"https:\/\/www.aurora-h2020.eu\/wp-content\/uploads\/2022\/03\/2022-03-02-14.51.48.jpg","width":1280,"height":367,"caption":"AURORA"},"image":{"@id":"https:\/\/www.aurora-h2020.eu\/#\/schema\/logo\/image\/"},"sameAs":["https:\/\/x.com\/AURORA_H2020"]}]}},"_links":{"self":[{"href":"https:\/\/www.aurora-h2020.eu\/es\/wp-json\/wp\/v2\/pages\/4017","targetHints":{"allow":["GET"]}}],"collection":[{"href":"https:\/\/www.aurora-h2020.eu\/es\/wp-json\/wp\/v2\/pages"}],"about":[{"href":"https:\/\/www.aurora-h2020.eu\/es\/wp-json\/wp\/v2\/types\/page"}],"author":[{"embeddable":true,"href":"https:\/\/www.aurora-h2020.eu\/es\/wp-json\/wp\/v2\/users\/8"}],"replies":[{"embeddable":true,"href":"https:\/\/www.aurora-h2020.eu\/es\/wp-json\/wp\/v2\/comments?post=4017"}],"version-history":[{"count":0,"href":"https:\/\/www.aurora-h2020.eu\/es\/wp-json\/wp\/v2\/pages\/4017\/revisions"}],"up":[{"embeddable":true,"href":"https:\/\/www.aurora-h2020.eu\/es\/wp-json\/wp\/v2\/pages\/4015"}],"wp:attachment":[{"href":"https:\/\/www.aurora-h2020.eu\/es\/wp-json\/wp\/v2\/media?parent=4017"}],"curies":[{"name":"wp","href":"https:\/\/api.w.org\/{rel}","templated":true}]}}