{"id":5980,"date":"2023-09-08T11:29:34","date_gmt":"2023-09-08T09:29:34","guid":{"rendered":"https:\/\/www.aurora-h2020.eu\/?page_id=5980"},"modified":"2023-09-21T14:07:01","modified_gmt":"2023-09-21T12:07:01","slug":"app-tos","status":"publish","type":"page","link":"https:\/\/www.aurora-h2020.eu\/de\/aurora\/app-tos\/","title":{"rendered":"AURORA Energy Tracker - Nutzungsbedingungen"},"content":{"rendered":"<div data-elementor-type=\"wp-page\" data-elementor-id=\"5980\" class=\"elementor elementor-5980\" data-elementor-post-type=\"page\">\n\t\t\t\t\t\t<section class=\"elementor-section elementor-top-section elementor-element elementor-element-46459c9 elementor-section-boxed elementor-section-height-default elementor-section-height-default\" data-id=\"46459c9\" data-element_type=\"section\">\n\t\t\t\t\t\t<div class=\"elementor-container elementor-column-gap-default\">\n\t\t\t\t\t<div class=\"elementor-column elementor-col-100 elementor-top-column elementor-element elementor-element-e299f0e\" data-id=\"e299f0e\" data-element_type=\"column\">\n\t\t\t<div class=\"elementor-widget-wrap elementor-element-populated\">\n\t\t\t\t\t\t<div class=\"elementor-element elementor-element-5bc994e elementor-widget__width-auto elementor-widget elementor-widget-shortcode\" data-id=\"5bc994e\" data-element_type=\"widget\" data-widget_type=\"shortcode.default\">\n\t\t\t\t<div class=\"elementor-widget-container\">\n\t\t\t\t\t<div class=\"elementor-shortcode\"><div class=\"trp_language_switcher_shortcode\">\n<div class=\"trp-language-switcher trp-language-switcher-container\" data-no-translation>\n    <div class=\"trp-ls-shortcode-current-language\">\n        <a href=\"#\" class=\"trp-ls-shortcode-disabled-language trp-ls-disabled-language\" title=\"Deutsch\" onclick=\"event.preventDefault()\">\n\t\t\t<img decoding=\"async\" class=\"trp-flag-image\" src=\"https:\/\/www.aurora-h2020.eu\/wp-content\/plugins\/translatepress-multilingual\/assets\/images\/flags\/de_DE.png\" width=\"18\" height=\"12\" alt=\"de_DE\" title=\"Deutsch\"> Deutsch\t\t<\/a>\n    <\/div>\n    <div class=\"trp-ls-shortcode-language\">\n                <a href=\"#\" class=\"trp-ls-shortcode-disabled-language trp-ls-disabled-language\"  title=\"Deutsch\" onclick=\"event.preventDefault()\">\n\t\t\t<img decoding=\"async\" class=\"trp-flag-image\" src=\"https:\/\/www.aurora-h2020.eu\/wp-content\/plugins\/translatepress-multilingual\/assets\/images\/flags\/de_DE.png\" width=\"18\" height=\"12\" alt=\"de_DE\" title=\"Deutsch\"> Deutsch\t\t<\/a>\n                    <a href=\"https:\/\/www.aurora-h2020.eu\/wp-json\/wp\/v2\/pages\/5980\/\" title=\"English (UK)\">\n            <img decoding=\"async\" class=\"trp-flag-image\" src=\"https:\/\/www.aurora-h2020.eu\/wp-content\/plugins\/translatepress-multilingual\/assets\/images\/flags\/en_GB.png\" width=\"18\" height=\"12\" alt=\"en_GB\" title=\"English (UK)\"> English (UK)        <\/a>\n\n            <a href=\"https:\/\/www.aurora-h2020.eu\/es\/wp-json\/wp\/v2\/pages\/5980\/\" title=\"Espa\u00f1ol\">\n            <img decoding=\"async\" class=\"trp-flag-image\" src=\"https:\/\/www.aurora-h2020.eu\/wp-content\/plugins\/translatepress-multilingual\/assets\/images\/flags\/es_ES.png\" width=\"18\" height=\"12\" alt=\"es_ES\" title=\"Espa\u00f1ol\"> Espa\u00f1ol        <\/a>\n\n            <a href=\"https:\/\/www.aurora-h2020.eu\/pt\/wp-json\/wp\/v2\/pages\/5980\/\" title=\"Portugu\u00eas\">\n            <img loading=\"lazy\" decoding=\"async\" class=\"trp-flag-image\" src=\"https:\/\/www.aurora-h2020.eu\/wp-content\/plugins\/translatepress-multilingual\/assets\/images\/flags\/pt_PT.png\" width=\"18\" height=\"12\" alt=\"pt_PT\" title=\"Portugu\u00eas\"> Portugu\u00eas        <\/a>\n\n            <a href=\"https:\/\/www.aurora-h2020.eu\/da\/wp-json\/wp\/v2\/pages\/5980\/\" title=\"Dansk\">\n            <img loading=\"lazy\" decoding=\"async\" class=\"trp-flag-image\" src=\"https:\/\/www.aurora-h2020.eu\/wp-content\/plugins\/translatepress-multilingual\/assets\/images\/flags\/da_DK.png\" width=\"18\" height=\"12\" alt=\"da_DK\" title=\"Dansk\"> Dansk        <\/a>\n\n            <a href=\"https:\/\/www.aurora-h2020.eu\/sl\/wp-json\/wp\/v2\/pages\/5980\/\" title=\"Sloven\u0161\u010dina\">\n            <img loading=\"lazy\" decoding=\"async\" class=\"trp-flag-image\" src=\"https:\/\/www.aurora-h2020.eu\/wp-content\/plugins\/translatepress-multilingual\/assets\/images\/flags\/sl_SI.png\" width=\"18\" height=\"12\" alt=\"sl_SI\" title=\"Sloven\u0161\u010dina\"> Sloven\u0161\u010dina        <\/a>\n\n        <\/div>\n    <script type=\"application\/javascript\">\n        \/\/ need to have the same with set from JS on both divs. Otherwise it can push stuff around in HTML\n        var trp_ls_shortcodes = document.querySelectorAll('.trp_language_switcher_shortcode .trp-language-switcher');\n        if ( trp_ls_shortcodes.length > 0) {\n            \/\/ get the last language switcher added\n            var trp_el = trp_ls_shortcodes[trp_ls_shortcodes.length - 1];\n\n            var trp_shortcode_language_item = trp_el.querySelector( '.trp-ls-shortcode-language' )\n            \/\/ set width\n            var trp_ls_shortcode_width                                               = trp_shortcode_language_item.offsetWidth + 16;\n            trp_shortcode_language_item.style.width                                  = trp_ls_shortcode_width + 'px';\n            trp_el.querySelector( '.trp-ls-shortcode-current-language' ).style.width = trp_ls_shortcode_width + 'px';\n\n            \/\/ We're putting this on display: none after we have its width.\n            trp_shortcode_language_item.style.display = 'none';\n        }\n    <\/script>\n<\/div>\n<\/div><\/div>\n\t\t\t\t<\/div>\n\t\t\t\t<\/div>\n\t\t\t\t\t<\/div>\n\t\t<\/div>\n\t\t\t\t\t<\/div>\n\t\t<\/section>\n\t\t\t\t<section class=\"elementor-section elementor-top-section elementor-element elementor-element-5e69490c elementor-section-boxed elementor-section-height-default elementor-section-height-default\" data-id=\"5e69490c\" data-element_type=\"section\">\n\t\t\t\t\t\t<div class=\"elementor-container elementor-column-gap-default\">\n\t\t\t\t\t<div class=\"elementor-column elementor-col-100 elementor-top-column elementor-element elementor-element-2a36675e\" data-id=\"2a36675e\" data-element_type=\"column\">\n\t\t\t<div class=\"elementor-widget-wrap elementor-element-populated\">\n\t\t\t\t\t\t<div class=\"elementor-element elementor-element-42ac4470 elementor-widget elementor-widget-text-editor\" data-id=\"42ac4470\" data-element_type=\"widget\" data-widget_type=\"text-editor.default\">\n\t\t\t\t<div class=\"elementor-widget-container\">\n\t\t\t<style>\/*! elementor - v3.22.0 - 17-06-2024 *\/\n.elementor-widget-text-editor.elementor-drop-cap-view-stacked .elementor-drop-cap{background-color:#69727d;color:#fff}.elementor-widget-text-editor.elementor-drop-cap-view-framed .elementor-drop-cap{color:#69727d;border:3px solid;background-color:transparent}.elementor-widget-text-editor:not(.elementor-drop-cap-view-default) .elementor-drop-cap{margin-top:8px}.elementor-widget-text-editor:not(.elementor-drop-cap-view-default) .elementor-drop-cap-letter{width:1em;height:1em}.elementor-widget-text-editor .elementor-drop-cap{float:left;text-align:center;line-height:1;font-size:50px}.elementor-widget-text-editor .elementor-drop-cap-letter{display:inline-block}<\/style>\t\t\t\t<!-- wp:paragraph -->\n<p>AURORA Energy Tracker (im Folgenden \"die App\", unter allen bisherigen und zuk\u00fcnftigen Bezeichnungen) ist eine mobile Anwendung und ein Citizen-Science-Projekt, das im Rahmen des von der EU gef\u00f6rderten Horizont-2020-Projekts AURORA entwickelt wurde (F\u00f6rdervertragsnummer 101036418). Dieses Projekt wird von der Technischen Universit\u00e4t Madrid (UPM) koordiniert und das Institut f\u00fcr Wissenschafts- und Innovationskommunikation (INSCICO) ist in Zusammenarbeit mit der UPM f\u00fcr die technische Entwicklung der App verantwortlich.<\/p>\n<!-- \/wp:paragraph -->\n\n<!-- wp:paragraph -->\n<p>Die App ist darauf angewiesen, dass die B\u00fcrgerinnen und B\u00fcrger Daten \u00fcber ihr pers\u00f6nliches Energieverhalten melden. Sie k\u00f6nnen sich beteiligen, indem Sie u. a. Energieverbrauchs- und Energieproduktionsdaten \u00fcber die Anwendung f\u00fcr Mobilger\u00e4te oder andere elektronische Ger\u00e4te teilen. Um dies zu tun, m\u00fcssen Sie vollj\u00e4hrig sein (Mindestalter 15 Jahre) oder von einem Erwachsenen beaufsichtigt werden, und Sie m\u00fcssen den Datenschutzbestimmungen der App sowie den folgenden Bedingungen zustimmen:<\/p>\n<!-- \/wp:paragraph -->\n\n<!-- wp:list {\"ordered\":true,\"type\":\"1\",\"start\":1} -->\n<ol type=\"1\" start=\"1\"><!-- wp:list-item -->\n<li>Indem Sie Ihre Daten mit der App teilen, erkl\u00e4ren Sie sich mit den vorliegenden Nutzungsbedingungen einverstanden, stimmen zu, dass die Daten als anonyme Werke ohne Angabe Ihres Namens oder Pseudonyms ver\u00f6ffentlicht werden d\u00fcrfen, und gew\u00e4hren den Mitgliedern des AURORA-Projekts eine geb\u00fchrenfreie, nicht ausschlie\u00dfliche und unterlizenzierbare Lizenz f\u00fcr die Dauer der derzeit geltenden Urheberrechtsgesetze, um das Werk uneingeschr\u00e4nkt zu nutzen und es weltweit an andere weiterzugeben. In jedem Fall bedeuten diese Bedingungen keine Einschr\u00e4nkung f\u00fcr Sie als Urheber Ihrer Werke, und Sie k\u00f6nnen Ihre Werke auf andere Weise in \u00dcbereinstimmung mit der durch dieses Dokument gew\u00e4hrten \u00dcbertragung verwerten.<\/li>\n<!-- \/wp:list-item -->\n\n<!-- wp:list-item -->\n<li>Im Allgemeinen wird jede urheberrechtlich sch\u00fctzbare Originalsch\u00f6pfung von der App oder dem AURORA-Projekt mit einer CC-BY-Lizenz verbreitet, die einen anonymen Autor und den Projektnamen angibt (Beispiel: Anonymous, CC-BY AURORA), auch wenn die Sch\u00f6pfungen den Namen des Autors darin oder in den Metadaten enthalten. Ein Teil der Datenbanken oder der aus Nutzerbeitr\u00e4gen resultierenden Tabellen wird in der Regel unter einer CC0-Lizenz verbreitet.<\/li>\n<!-- \/wp:list-item -->\n\n<!-- wp:list-item -->\n<li>Sie garantieren, dass alle von Ihnen geteilten Daten oder Werke aus Informationen bestehen, die Sie der App zur Verf\u00fcgung stellen d\u00fcrfen, und dass diese nicht verleumderisch sind und gegen kein Gesetz versto\u00dfen. Sie nehmen zur Kenntnis, dass die Daten oder Werke an Dritte weitergegeben werden k\u00f6nnen und dass die App nicht garantieren kann, dass sie in der Lage ist, versehentlich gesendete personenbezogene Daten zu entfernen.<\/li>\n<!-- \/wp:list-item -->\n\n<!-- wp:list-item -->\n<li>Sie stellen die Einzelpersonen, Institutionen und Mitglieder der App und ihre Partner von allen Anwaltskosten, Sch\u00e4den und anderen Ausgaben frei, die ihnen aufgrund Ihres Versto\u00dfes gegen die oben genannte Garantie entstehen k\u00f6nnen.<\/li>\n<!-- \/wp:list-item --><\/ol>\n<!-- \/wp:list -->\t\t\t\t\t\t<\/div>\n\t\t\t\t<\/div>\n\t\t\t\t<div class=\"elementor-element elementor-element-299a5d9 elementor-widget-divider--view-line elementor-widget elementor-widget-divider\" data-id=\"299a5d9\" data-element_type=\"widget\" data-widget_type=\"divider.default\">\n\t\t\t\t<div class=\"elementor-widget-container\">\n\t\t\t<style>\/*! elementor - v3.22.0 - 17-06-2024 *\/\n.elementor-widget-divider{--divider-border-style:none;--divider-border-width:1px;--divider-color:#0c0d0e;--divider-icon-size:20px;--divider-element-spacing:10px;--divider-pattern-height:24px;--divider-pattern-size:20px;--divider-pattern-url:none;--divider-pattern-repeat:repeat-x}.elementor-widget-divider .elementor-divider{display:flex}.elementor-widget-divider .elementor-divider__text{font-size:15px;line-height:1;max-width:95%}.elementor-widget-divider .elementor-divider__element{margin:0 var(--divider-element-spacing);flex-shrink:0}.elementor-widget-divider .elementor-icon{font-size:var(--divider-icon-size)}.elementor-widget-divider .elementor-divider-separator{display:flex;margin:0;direction:ltr}.elementor-widget-divider--view-line_icon .elementor-divider-separator,.elementor-widget-divider--view-line_text .elementor-divider-separator{align-items:center}.elementor-widget-divider--view-line_icon .elementor-divider-separator:after,.elementor-widget-divider--view-line_icon .elementor-divider-separator:before,.elementor-widget-divider--view-line_text .elementor-divider-separator:after,.elementor-widget-divider--view-line_text .elementor-divider-separator:before{display:block;content:\"\";border-block-end:0;flex-grow:1;border-block-start:var(--divider-border-width) var(--divider-border-style) var(--divider-color)}.elementor-widget-divider--element-align-left .elementor-divider .elementor-divider-separator>.elementor-divider__svg:first-of-type{flex-grow:0;flex-shrink:100}.elementor-widget-divider--element-align-left .elementor-divider-separator:before{content:none}.elementor-widget-divider--element-align-left .elementor-divider__element{margin-left:0}.elementor-widget-divider--element-align-right .elementor-divider .elementor-divider-separator>.elementor-divider__svg:last-of-type{flex-grow:0;flex-shrink:100}.elementor-widget-divider--element-align-right .elementor-divider-separator:after{content:none}.elementor-widget-divider--element-align-right .elementor-divider__element{margin-right:0}.elementor-widget-divider--element-align-start .elementor-divider .elementor-divider-separator>.elementor-divider__svg:first-of-type{flex-grow:0;flex-shrink:100}.elementor-widget-divider--element-align-start .elementor-divider-separator:before{content:none}.elementor-widget-divider--element-align-start .elementor-divider__element{margin-inline-start:0}.elementor-widget-divider--element-align-end .elementor-divider .elementor-divider-separator>.elementor-divider__svg:last-of-type{flex-grow:0;flex-shrink:100}.elementor-widget-divider--element-align-end .elementor-divider-separator:after{content:none}.elementor-widget-divider--element-align-end .elementor-divider__element{margin-inline-end:0}.elementor-widget-divider:not(.elementor-widget-divider--view-line_text):not(.elementor-widget-divider--view-line_icon) .elementor-divider-separator{border-block-start:var(--divider-border-width) var(--divider-border-style) var(--divider-color)}.elementor-widget-divider--separator-type-pattern{--divider-border-style:none}.elementor-widget-divider--separator-type-pattern.elementor-widget-divider--view-line .elementor-divider-separator,.elementor-widget-divider--separator-type-pattern:not(.elementor-widget-divider--view-line) .elementor-divider-separator:after,.elementor-widget-divider--separator-type-pattern:not(.elementor-widget-divider--view-line) .elementor-divider-separator:before,.elementor-widget-divider--separator-type-pattern:not([class*=elementor-widget-divider--view]) .elementor-divider-separator{width:100%;min-height:var(--divider-pattern-height);-webkit-mask-size:var(--divider-pattern-size) 100%;mask-size:var(--divider-pattern-size) 100%;-webkit-mask-repeat:var(--divider-pattern-repeat);mask-repeat:var(--divider-pattern-repeat);background-color:var(--divider-color);-webkit-mask-image:var(--divider-pattern-url);mask-image:var(--divider-pattern-url)}.elementor-widget-divider--no-spacing{--divider-pattern-size:auto}.elementor-widget-divider--bg-round{--divider-pattern-repeat:round}.rtl .elementor-widget-divider .elementor-divider__text{direction:rtl}.e-con-inner>.elementor-widget-divider,.e-con>.elementor-widget-divider{width:var(--container-widget-width,100%);--flex-grow:var(--container-widget-flex-grow)}<\/style>\t\t<div class=\"elementor-divider\">\n\t\t\t<span class=\"elementor-divider-separator\">\n\t\t\t\t\t\t<\/span>\n\t\t<\/div>\n\t\t\t\t<\/div>\n\t\t\t\t<\/div>\n\t\t\t\t<div class=\"elementor-element elementor-element-94ef914 elementor-widget elementor-widget-text-editor\" data-id=\"94ef914\" data-element_type=\"widget\" data-widget_type=\"text-editor.default\">\n\t\t\t\t<div class=\"elementor-widget-container\">\n\t\t\t\t\t\t\t<p style=\"text-align: center;\"><em>v1.0<\/em><\/p>\t\t\t\t\t\t<\/div>\n\t\t\t\t<\/div>\n\t\t\t\t\t<\/div>\n\t\t<\/div>\n\t\t\t\t\t<\/div>\n\t\t<\/section>\n\t\t\t\t<section class=\"elementor-section elementor-top-section elementor-element elementor-element-c328695 elementor-section-boxed elementor-section-height-default elementor-section-height-default\" data-id=\"c328695\" data-element_type=\"section\">\n\t\t\t\t\t\t<div class=\"elementor-container elementor-column-gap-default\">\n\t\t\t\t\t<div class=\"elementor-column elementor-col-50 elementor-top-column elementor-element elementor-element-8e52fe8\" data-id=\"8e52fe8\" data-element_type=\"column\">\n\t\t\t<div class=\"elementor-widget-wrap elementor-element-populated\">\n\t\t\t\t\t\t<div class=\"elementor-element elementor-element-f0ea85d elementor-widget__width-auto elementor-widget elementor-widget-button\" data-id=\"f0ea85d\" data-element_type=\"widget\" data-widget_type=\"button.default\">\n\t\t\t\t<div class=\"elementor-widget-container\">\n\t\t\t\t\t<div class=\"elementor-button-wrapper\">\n\t\t\t<a class=\"elementor-button elementor-button-link elementor-size-sm\" href=\"https:\/\/www.aurora-h2020.eu\/de\/aurora\/app-privacy-policy\/\">\n\t\t\t\t\t\t<span class=\"elementor-button-content-wrapper\">\n\t\t\t\t\t\t\t\t\t<span class=\"elementor-button-text\">Datenschutzbestimmungen<\/span>\n\t\t\t\t\t<\/span>\n\t\t\t\t\t<\/a>\n\t\t<\/div>\n\t\t\t\t<\/div>\n\t\t\t\t<\/div>\n\t\t\t\t\t<\/div>\n\t\t<\/div>\n\t\t\t\t<div class=\"elementor-column elementor-col-50 elementor-top-column elementor-element elementor-element-db3a393\" data-id=\"db3a393\" data-element_type=\"column\">\n\t\t\t<div class=\"elementor-widget-wrap elementor-element-populated\">\n\t\t\t\t\t\t<div class=\"elementor-element elementor-element-15326ea elementor-widget__width-auto elementor-widget elementor-widget-button\" data-id=\"15326ea\" data-element_type=\"widget\" data-widget_type=\"button.default\">\n\t\t\t\t<div class=\"elementor-widget-container\">\n\t\t\t\t\t<div class=\"elementor-button-wrapper\">\n\t\t\t<a class=\"elementor-button elementor-button-link elementor-size-sm\" href=\"https:\/\/www.aurora-h2020.eu\/de\/aurora\/app-imprint\/\">\n\t\t\t\t\t\t<span class=\"elementor-button-content-wrapper\">\n\t\t\t\t\t\t\t\t\t<span class=\"elementor-button-text\">Impressum<\/span>\n\t\t\t\t\t<\/span>\n\t\t\t\t\t<\/a>\n\t\t<\/div>\n\t\t\t\t<\/div>\n\t\t\t\t<\/div>\n\t\t\t\t\t<\/div>\n\t\t<\/div>\n\t\t\t\t\t<\/div>\n\t\t<\/section>\n\t\t\t\t<\/div>","protected":false},"excerpt":{"rendered":"<p>AURORA Energy Tracker (hereinafter, \u201cthe App\u201d, in any of the names it has had in the past or may acquire in the future) is a mobile application and citizen science project developed as part of the EU-funded Horizon 2020 project AURORA (grant agreement number 101036418). This project is coordinated by the Technical University of Madrid [&hellip;]<\/p>","protected":false},"author":1,"featured_media":0,"parent":2152,"menu_order":0,"comment_status":"closed","ping_status":"closed","template":"","meta":{"_monsterinsights_skip_tracking":false,"_monsterinsights_sitenote_active":false,"_monsterinsights_sitenote_note":"","_monsterinsights_sitenote_category":0,"footnotes":""},"class_list":["post-5980","page","type-page","status-publish","hentry"],"acf":[],"yoast_head":"<!-- This site is optimized with the Yoast SEO plugin v27.5 - https:\/\/yoast.com\/product\/yoast-seo-wordpress\/ -->\n<title>AURORA Energy Tracker - Terms of Service - AURORA H2020<\/title>\n<meta name=\"robots\" content=\"index, follow, max-snippet:-1, max-image-preview:large, max-video-preview:-1\" \/>\n<link rel=\"canonical\" href=\"https:\/\/www.aurora-h2020.eu\/de\/aurora\/app-tos\/\" \/>\n<meta property=\"og:locale\" content=\"de_DE\" \/>\n<meta property=\"og:type\" content=\"article\" \/>\n<meta property=\"og:title\" content=\"AURORA Energy Tracker - Terms of Service - AURORA H2020\" \/>\n<meta property=\"og:description\" content=\"AURORA Energy Tracker (hereinafter, \u201cthe App\u201d, in any of the names it has had in the past or may acquire in the future) is a mobile application and citizen science project developed as part of the EU-funded Horizon 2020 project AURORA (grant agreement number 101036418). This project is coordinated by the Technical University of Madrid [&hellip;]\" \/>\n<meta property=\"og:url\" content=\"https:\/\/www.aurora-h2020.eu\/de\/aurora\/app-tos\/\" \/>\n<meta property=\"og:site_name\" content=\"AURORA H2020\" \/>\n<meta property=\"article:modified_time\" content=\"2023-09-21T12:07:01+00:00\" \/>\n<meta name=\"twitter:card\" content=\"summary_large_image\" \/>\n<meta name=\"twitter:site\" content=\"@AURORA_H2020\" \/>\n<meta name=\"twitter:label1\" content=\"Gesch\u00e4tzte Lesezeit\" \/>\n\t<meta name=\"twitter:data1\" content=\"4\u00a0Minuten\" \/>\n<script type=\"application\/ld+json\" class=\"yoast-schema-graph\">{\"@context\":\"https:\\\/\\\/schema.org\",\"@graph\":[{\"@type\":\"WebPage\",\"@id\":\"https:\\\/\\\/www.aurora-h2020.eu\\\/aurora\\\/app-tos\\\/\",\"url\":\"https:\\\/\\\/www.aurora-h2020.eu\\\/aurora\\\/app-tos\\\/\",\"name\":\"AURORA Energy Tracker - Terms of Service - AURORA H2020\",\"isPartOf\":{\"@id\":\"https:\\\/\\\/www.aurora-h2020.eu\\\/#website\"},\"datePublished\":\"2023-09-08T09:29:34+00:00\",\"dateModified\":\"2023-09-21T12:07:01+00:00\",\"breadcrumb\":{\"@id\":\"https:\\\/\\\/www.aurora-h2020.eu\\\/aurora\\\/app-tos\\\/#breadcrumb\"},\"inLanguage\":\"de\",\"potentialAction\":[{\"@type\":\"ReadAction\",\"target\":[\"https:\\\/\\\/www.aurora-h2020.eu\\\/aurora\\\/app-tos\\\/\"]}]},{\"@type\":\"BreadcrumbList\",\"@id\":\"https:\\\/\\\/www.aurora-h2020.eu\\\/aurora\\\/app-tos\\\/#breadcrumb\",\"itemListElement\":[{\"@type\":\"ListItem\",\"position\":1,\"name\":\"AURORA Project\",\"item\":\"https:\\\/\\\/www.aurora-h2020.eu\\\/\"},{\"@type\":\"ListItem\",\"position\":2,\"name\":\"AURORA Energy Tracker &#8211; Terms of Service\"}]},{\"@type\":\"WebSite\",\"@id\":\"https:\\\/\\\/www.aurora-h2020.eu\\\/#website\",\"url\":\"https:\\\/\\\/www.aurora-h2020.eu\\\/\",\"name\":\"AURORA H2020\",\"description\":\"Empowering a new generation of near zero-emission citizens\",\"publisher\":{\"@id\":\"https:\\\/\\\/www.aurora-h2020.eu\\\/#organization\"},\"potentialAction\":[{\"@type\":\"SearchAction\",\"target\":{\"@type\":\"EntryPoint\",\"urlTemplate\":\"https:\\\/\\\/www.aurora-h2020.eu\\\/?s={search_term_string}\"},\"query-input\":{\"@type\":\"PropertyValueSpecification\",\"valueRequired\":true,\"valueName\":\"search_term_string\"}}],\"inLanguage\":\"de\"},{\"@type\":\"Organization\",\"@id\":\"https:\\\/\\\/www.aurora-h2020.eu\\\/#organization\",\"name\":\"AURORA\",\"url\":\"https:\\\/\\\/www.aurora-h2020.eu\\\/\",\"logo\":{\"@type\":\"ImageObject\",\"inLanguage\":\"de\",\"@id\":\"https:\\\/\\\/www.aurora-h2020.eu\\\/#\\\/schema\\\/logo\\\/image\\\/\",\"url\":\"https:\\\/\\\/www.aurora-h2020.eu\\\/wp-content\\\/uploads\\\/2022\\\/03\\\/2022-03-02-14.51.48.jpg\",\"contentUrl\":\"https:\\\/\\\/www.aurora-h2020.eu\\\/wp-content\\\/uploads\\\/2022\\\/03\\\/2022-03-02-14.51.48.jpg\",\"width\":1280,\"height\":367,\"caption\":\"AURORA\"},\"image\":{\"@id\":\"https:\\\/\\\/www.aurora-h2020.eu\\\/#\\\/schema\\\/logo\\\/image\\\/\"},\"sameAs\":[\"https:\\\/\\\/x.com\\\/AURORA_H2020\"]}]}<\/script>\n<!-- \/ Yoast SEO plugin. -->","yoast_head_json":{"title":"AURORA Energy Tracker - Terms of Service - AURORA H2020","robots":{"index":"index","follow":"follow","max-snippet":"max-snippet:-1","max-image-preview":"max-image-preview:large","max-video-preview":"max-video-preview:-1"},"canonical":"https:\/\/www.aurora-h2020.eu\/de\/aurora\/app-tos\/","og_locale":"de_DE","og_type":"article","og_title":"AURORA Energy Tracker - Terms of Service - AURORA H2020","og_description":"AURORA Energy Tracker (hereinafter, \u201cthe App\u201d, in any of the names it has had in the past or may acquire in the future) is a mobile application and citizen science project developed as part of the EU-funded Horizon 2020 project AURORA (grant agreement number 101036418). This project is coordinated by the Technical University of Madrid [&hellip;]","og_url":"https:\/\/www.aurora-h2020.eu\/de\/aurora\/app-tos\/","og_site_name":"AURORA H2020","article_modified_time":"2023-09-21T12:07:01+00:00","twitter_card":"summary_large_image","twitter_site":"@AURORA_H2020","twitter_misc":{"Gesch\u00e4tzte Lesezeit":"4\u00a0Minuten"},"schema":{"@context":"https:\/\/schema.org","@graph":[{"@type":"WebPage","@id":"https:\/\/www.aurora-h2020.eu\/aurora\/app-tos\/","url":"https:\/\/www.aurora-h2020.eu\/aurora\/app-tos\/","name":"AURORA Energy Tracker - Terms of Service - AURORA H2020","isPartOf":{"@id":"https:\/\/www.aurora-h2020.eu\/#website"},"datePublished":"2023-09-08T09:29:34+00:00","dateModified":"2023-09-21T12:07:01+00:00","breadcrumb":{"@id":"https:\/\/www.aurora-h2020.eu\/aurora\/app-tos\/#breadcrumb"},"inLanguage":"de","potentialAction":[{"@type":"ReadAction","target":["https:\/\/www.aurora-h2020.eu\/aurora\/app-tos\/"]}]},{"@type":"BreadcrumbList","@id":"https:\/\/www.aurora-h2020.eu\/aurora\/app-tos\/#breadcrumb","itemListElement":[{"@type":"ListItem","position":1,"name":"AURORA Project","item":"https:\/\/www.aurora-h2020.eu\/"},{"@type":"ListItem","position":2,"name":"AURORA Energy Tracker &#8211; Terms of Service"}]},{"@type":"WebSite","@id":"https:\/\/www.aurora-h2020.eu\/#website","url":"https:\/\/www.aurora-h2020.eu\/","name":"AURORA H2020","description":"Empowering a new generation of near zero-emission citizens","publisher":{"@id":"https:\/\/www.aurora-h2020.eu\/#organization"},"potentialAction":[{"@type":"SearchAction","target":{"@type":"EntryPoint","urlTemplate":"https:\/\/www.aurora-h2020.eu\/?s={search_term_string}"},"query-input":{"@type":"PropertyValueSpecification","valueRequired":true,"valueName":"search_term_string"}}],"inLanguage":"de"},{"@type":"Organization","@id":"https:\/\/www.aurora-h2020.eu\/#organization","name":"AURORA","url":"https:\/\/www.aurora-h2020.eu\/","logo":{"@type":"ImageObject","inLanguage":"de","@id":"https:\/\/www.aurora-h2020.eu\/#\/schema\/logo\/image\/","url":"https:\/\/www.aurora-h2020.eu\/wp-content\/uploads\/2022\/03\/2022-03-02-14.51.48.jpg","contentUrl":"https:\/\/www.aurora-h2020.eu\/wp-content\/uploads\/2022\/03\/2022-03-02-14.51.48.jpg","width":1280,"height":367,"caption":"AURORA"},"image":{"@id":"https:\/\/www.aurora-h2020.eu\/#\/schema\/logo\/image\/"},"sameAs":["https:\/\/x.com\/AURORA_H2020"]}]}},"_links":{"self":[{"href":"https:\/\/www.aurora-h2020.eu\/de\/wp-json\/wp\/v2\/pages\/5980","targetHints":{"allow":["GET"]}}],"collection":[{"href":"https:\/\/www.aurora-h2020.eu\/de\/wp-json\/wp\/v2\/pages"}],"about":[{"href":"https:\/\/www.aurora-h2020.eu\/de\/wp-json\/wp\/v2\/types\/page"}],"author":[{"embeddable":true,"href":"https:\/\/www.aurora-h2020.eu\/de\/wp-json\/wp\/v2\/users\/1"}],"replies":[{"embeddable":true,"href":"https:\/\/www.aurora-h2020.eu\/de\/wp-json\/wp\/v2\/comments?post=5980"}],"version-history":[{"count":0,"href":"https:\/\/www.aurora-h2020.eu\/de\/wp-json\/wp\/v2\/pages\/5980\/revisions"}],"up":[{"embeddable":true,"href":"https:\/\/www.aurora-h2020.eu\/de\/wp-json\/wp\/v2\/pages\/2152"}],"wp:attachment":[{"href":"https:\/\/www.aurora-h2020.eu\/de\/wp-json\/wp\/v2\/media?parent=5980"}],"curies":[{"name":"wp","href":"https:\/\/api.w.org\/{rel}","templated":true}]}}